{"id":25063,"date":"2024-07-17T14:05:00","date_gmt":"2024-07-17T12:05:00","guid":{"rendered":"https:\/\/fgu.antstudio.dev\/research-and-laboratories\/research-departments\/laboratory-of-bioenergetics\/spoluporadani-respirometrickeho-workshopu\/"},"modified":"2024-08-20T18:45:58","modified_gmt":"2024-08-20T16:45:58","slug":"organization-of-respirometric-workshop","status":"publish","type":"page","link":"https:\/\/fgu.cas.cz\/en\/research-and-laboratories\/research-departments\/laboratory-of-bioenergetics\/organization-of-respirometric-workshop\/","title":{"rendered":"Organization of respirometric workshop"},"content":{"rendered":"\t\t<div data-elementor-type=\"wp-page\" data-elementor-id=\"25063\" class=\"elementor elementor-25063 elementor-16953\" data-elementor-post-type=\"page\">\n\t\t\t\t<div class=\"elementor-element elementor-element-877315f e-flex e-con-boxed e-con e-parent\" data-id=\"877315f\" data-element_type=\"container\">\n\t\t\t\t\t<div class=\"e-con-inner\">\n\t\t\t\t<div class=\"elementor-element elementor-element-f6a9c2c elementor-widget__width-initial elementor-widget elementor-widget-heading\" data-id=\"f6a9c2c\" data-element_type=\"widget\" data-widget_type=\"heading.default\">\n\t\t\t\t\t<h1 class=\"elementor-heading-title elementor-size-default\">Organization of respirometric workshop<\/h1>\t\t\t\t<\/div>\n\t\t\t\t\t<\/div>\n\t\t\t\t<\/div>\n\t\t<div class=\"elementor-element elementor-element-e847e69 e-con-full e-flex e-con e-child\" data-id=\"e847e69\" data-element_type=\"container\">\n\t\t\t\t<div class=\"elementor-element elementor-element-650ab54 elementor-widget elementor-widget-heading\" data-id=\"650ab54\" data-element_type=\"widget\" data-widget_type=\"heading.default\">\n\t\t\t\t\t<h2 class=\"elementor-heading-title elementor-size-default\">Photogallery<\/h2>\t\t\t\t<\/div>\n\t\t\t\t<div class=\"elementor-element elementor-element-d83eaca elementor-arrows-position-inside elementor-pagination-position-outside elementor-widget elementor-widget-image-carousel\" data-id=\"d83eaca\" data-element_type=\"widget\" data-settings=\"{&quot;slides_to_show&quot;:&quot;3&quot;,&quot;slides_to_scroll&quot;:&quot;1&quot;,&quot;slides_to_show_tablet&quot;:&quot;3&quot;,&quot;slides_to_show_mobile&quot;:&quot;1&quot;,&quot;lazyload&quot;:&quot;yes&quot;,&quot;image_spacing_custom_tablet&quot;:{&quot;unit&quot;:&quot;px&quot;,&quot;size&quot;:15,&quot;sizes&quot;:[]},&quot;navigation&quot;:&quot;both&quot;,&quot;autoplay&quot;:&quot;yes&quot;,&quot;pause_on_hover&quot;:&quot;yes&quot;,&quot;pause_on_interaction&quot;:&quot;yes&quot;,&quot;autoplay_speed&quot;:5000,&quot;infinite&quot;:&quot;yes&quot;,&quot;speed&quot;:500,&quot;image_spacing_custom&quot;:{&quot;unit&quot;:&quot;px&quot;,&quot;size&quot;:20,&quot;sizes&quot;:[]}}\" data-widget_type=\"image-carousel.default\">\n\t\t\t\t\t\t\t<div class=\"elementor-image-carousel-wrapper swiper\" role=\"region\" aria-roledescription=\"carousel\" aria-label=\"Image Carousel\" dir=\"ltr\">\n\t\t\t<div class=\"elementor-image-carousel swiper-wrapper swiper-image-stretch\" aria-live=\"off\">\n\t\t\t\t\t\t\t\t<div class=\"swiper-slide\" role=\"group\" aria-roledescription=\"slide\" aria-label=\"1 of 9\"><a data-elementor-open-lightbox=\"yes\" data-elementor-lightbox-slideshow=\"d83eaca\" data-elementor-lightbox-title=\"5333147fb1323dsc05116\" data-e-action-hash=\"#elementor-action%3Aaction%3Dlightbox%26settings%3DeyJpZCI6MTY5NTksInVybCI6Imh0dHBzOlwvXC9mZ3UuY2FzLmN6XC93cC1jb250ZW50XC91cGxvYWRzXC8yMDI0XC8wN1wvNTMzMzE0N2ZiMTMyM2RzYzA1MTE2LmpwZyIsInNsaWRlc2hvdyI6ImQ4M2VhY2EifQ%3D%3D\" href=\"https:\/\/fgu.cas.cz\/wp-content\/uploads\/2024\/07\/5333147fb1323dsc05116.jpg\"><figure class=\"swiper-slide-inner\"><img class=\"swiper-slide-image swiper-lazy\" data-src=\"https:\/\/fgu.cas.cz\/wp-content\/uploads\/2024\/07\/5333147fb1323dsc05116.jpg\" alt=\"Dr. Gnaiger a Dr. Drahota s jedl\u00fdm oxygrafem Oroboros\" \/><div class=\"swiper-lazy-preloader\"><\/div><figcaption class=\"elementor-image-carousel-caption\">Dr. Gnaiger a Dr. Drahota s&nbsp;jedl\u00fdm oxygrafem Oroboros<\/figcaption><\/figure><\/a><\/div><div class=\"swiper-slide\" role=\"group\" aria-roledescription=\"slide\" aria-label=\"2 of 9\"><a data-elementor-open-lightbox=\"yes\" data-elementor-lightbox-slideshow=\"d83eaca\" data-elementor-lightbox-title=\"5333147fed97ddsc05119\" data-e-action-hash=\"#elementor-action%3Aaction%3Dlightbox%26settings%3DeyJpZCI6MTY5NjEsInVybCI6Imh0dHBzOlwvXC9mZ3UuY2FzLmN6XC93cC1jb250ZW50XC91cGxvYWRzXC8yMDI0XC8wN1wvNTMzMzE0N2ZlZDk3ZGRzYzA1MTE5LmpwZyIsInNsaWRlc2hvdyI6ImQ4M2VhY2EifQ%3D%3D\" href=\"https:\/\/fgu.cas.cz\/wp-content\/uploads\/2024\/07\/5333147fed97ddsc05119.jpg\"><figure class=\"swiper-slide-inner\"><img class=\"swiper-slide-image swiper-lazy\" data-src=\"https:\/\/fgu.cas.cz\/wp-content\/uploads\/2024\/07\/5333147fed97ddsc05119.jpg\" alt=\"\u00da\u010dastn\u00edci kurzu\" \/><div class=\"swiper-lazy-preloader\"><\/div><figcaption class=\"elementor-image-carousel-caption\">\u00da\u010dastn\u00edci kurzu<\/figcaption><\/figure><\/a><\/div><div class=\"swiper-slide\" role=\"group\" aria-roledescription=\"slide\" aria-label=\"3 of 9\"><a data-elementor-open-lightbox=\"yes\" data-elementor-lightbox-slideshow=\"d83eaca\" data-elementor-lightbox-title=\"53331480b54d3dsc05159\" data-e-action-hash=\"#elementor-action%3Aaction%3Dlightbox%26settings%3DeyJpZCI6MTY5NjMsInVybCI6Imh0dHBzOlwvXC9mZ3UuY2FzLmN6XC93cC1jb250ZW50XC91cGxvYWRzXC8yMDI0XC8wN1wvNTMzMzE0ODBiNTRkM2RzYzA1MTU5LmpwZyIsInNsaWRlc2hvdyI6ImQ4M2VhY2EifQ%3D%3D\" href=\"https:\/\/fgu.cas.cz\/wp-content\/uploads\/2024\/07\/53331480b54d3dsc05159.jpg\"><figure class=\"swiper-slide-inner\"><img class=\"swiper-slide-image swiper-lazy\" data-src=\"https:\/\/fgu.cas.cz\/wp-content\/uploads\/2024\/07\/53331480b54d3dsc05159.jpg\" alt=\"53331480b54d3dsc05159\" \/><div class=\"swiper-lazy-preloader\"><\/div><\/figure><\/a><\/div><div class=\"swiper-slide\" role=\"group\" aria-roledescription=\"slide\" aria-label=\"4 of 9\"><a data-elementor-open-lightbox=\"yes\" data-elementor-lightbox-slideshow=\"d83eaca\" data-elementor-lightbox-title=\"53331480dea58dsc05191\" data-e-action-hash=\"#elementor-action%3Aaction%3Dlightbox%26settings%3DeyJpZCI6MTY5NjUsInVybCI6Imh0dHBzOlwvXC9mZ3UuY2FzLmN6XC93cC1jb250ZW50XC91cGxvYWRzXC8yMDI0XC8wN1wvNTMzMzE0ODBkZWE1OGRzYzA1MTkxLmpwZyIsInNsaWRlc2hvdyI6ImQ4M2VhY2EifQ%3D%3D\" href=\"https:\/\/fgu.cas.cz\/wp-content\/uploads\/2024\/07\/53331480dea58dsc05191.jpg\"><figure class=\"swiper-slide-inner\"><img class=\"swiper-slide-image swiper-lazy\" data-src=\"https:\/\/fgu.cas.cz\/wp-content\/uploads\/2024\/07\/53331480dea58dsc05191.jpg\" alt=\"53331480dea58dsc05191\" \/><div class=\"swiper-lazy-preloader\"><\/div><\/figure><\/a><\/div><div class=\"swiper-slide\" role=\"group\" aria-roledescription=\"slide\" aria-label=\"5 of 9\"><a data-elementor-open-lightbox=\"yes\" data-elementor-lightbox-slideshow=\"d83eaca\" data-elementor-lightbox-title=\"533314804b760dsc05137\" data-e-action-hash=\"#elementor-action%3Aaction%3Dlightbox%26settings%3DeyJpZCI6MTY5NjcsInVybCI6Imh0dHBzOlwvXC9mZ3UuY2FzLmN6XC93cC1jb250ZW50XC91cGxvYWRzXC8yMDI0XC8wN1wvNTMzMzE0ODA0Yjc2MGRzYzA1MTM3LmpwZyIsInNsaWRlc2hvdyI6ImQ4M2VhY2EifQ%3D%3D\" href=\"https:\/\/fgu.cas.cz\/wp-content\/uploads\/2024\/07\/533314804b760dsc05137.jpg\"><figure class=\"swiper-slide-inner\"><img class=\"swiper-slide-image swiper-lazy\" data-src=\"https:\/\/fgu.cas.cz\/wp-content\/uploads\/2024\/07\/533314804b760dsc05137.jpg\" alt=\"533314804b760dsc05137\" \/><div class=\"swiper-lazy-preloader\"><\/div><\/figure><\/a><\/div><div class=\"swiper-slide\" role=\"group\" aria-roledescription=\"slide\" aria-label=\"6 of 9\"><a data-elementor-open-lightbox=\"yes\" data-elementor-lightbox-slideshow=\"d83eaca\" data-elementor-lightbox-title=\"533314810fec1dsc05192\" data-e-action-hash=\"#elementor-action%3Aaction%3Dlightbox%26settings%3DeyJpZCI6MTY5NjksInVybCI6Imh0dHBzOlwvXC9mZ3UuY2FzLmN6XC93cC1jb250ZW50XC91cGxvYWRzXC8yMDI0XC8wN1wvNTMzMzE0ODEwZmVjMWRzYzA1MTkyLmpwZyIsInNsaWRlc2hvdyI6ImQ4M2VhY2EifQ%3D%3D\" href=\"https:\/\/fgu.cas.cz\/wp-content\/uploads\/2024\/07\/533314810fec1dsc05192.jpg\"><figure class=\"swiper-slide-inner\"><img class=\"swiper-slide-image swiper-lazy\" data-src=\"https:\/\/fgu.cas.cz\/wp-content\/uploads\/2024\/07\/533314810fec1dsc05192-703x1024.jpg\" alt=\"533314810fec1dsc05192\" \/><div class=\"swiper-lazy-preloader\"><\/div><\/figure><\/a><\/div><div class=\"swiper-slide\" role=\"group\" aria-roledescription=\"slide\" aria-label=\"7 of 9\"><a data-elementor-open-lightbox=\"yes\" data-elementor-lightbox-slideshow=\"d83eaca\" data-elementor-lightbox-title=\"5333148024a73dsc05132\" data-e-action-hash=\"#elementor-action%3Aaction%3Dlightbox%26settings%3DeyJpZCI6MTY5NzEsInVybCI6Imh0dHBzOlwvXC9mZ3UuY2FzLmN6XC93cC1jb250ZW50XC91cGxvYWRzXC8yMDI0XC8wN1wvNTMzMzE0ODAyNGE3M2RzYzA1MTMyLmpwZyIsInNsaWRlc2hvdyI6ImQ4M2VhY2EifQ%3D%3D\" href=\"https:\/\/fgu.cas.cz\/wp-content\/uploads\/2024\/07\/5333148024a73dsc05132.jpg\"><figure class=\"swiper-slide-inner\"><img class=\"swiper-slide-image swiper-lazy\" data-src=\"https:\/\/fgu.cas.cz\/wp-content\/uploads\/2024\/07\/5333148024a73dsc05132.jpg\" alt=\"5333148024a73dsc05132\" \/><div class=\"swiper-lazy-preloader\"><\/div><\/figure><\/a><\/div><div class=\"swiper-slide\" role=\"group\" aria-roledescription=\"slide\" aria-label=\"8 of 9\"><a data-elementor-open-lightbox=\"yes\" data-elementor-lightbox-slideshow=\"d83eaca\" data-elementor-lightbox-title=\"5333148152f80dsc05197\" data-e-action-hash=\"#elementor-action%3Aaction%3Dlightbox%26settings%3DeyJpZCI6MTY5NzMsInVybCI6Imh0dHBzOlwvXC9mZ3UuY2FzLmN6XC93cC1jb250ZW50XC91cGxvYWRzXC8yMDI0XC8wN1wvNTMzMzE0ODE1MmY4MGRzYzA1MTk3LmpwZyIsInNsaWRlc2hvdyI6ImQ4M2VhY2EifQ%3D%3D\" href=\"https:\/\/fgu.cas.cz\/wp-content\/uploads\/2024\/07\/5333148152f80dsc05197.jpg\"><figure class=\"swiper-slide-inner\"><img class=\"swiper-slide-image swiper-lazy\" data-src=\"https:\/\/fgu.cas.cz\/wp-content\/uploads\/2024\/07\/5333148152f80dsc05197-626x1024.jpg\" alt=\"5333148152f80dsc05197\" \/><div class=\"swiper-lazy-preloader\"><\/div><\/figure><\/a><\/div><div class=\"swiper-slide\" role=\"group\" aria-roledescription=\"slide\" aria-label=\"9 of 9\"><a data-elementor-open-lightbox=\"yes\" data-elementor-lightbox-slideshow=\"d83eaca\" data-elementor-lightbox-title=\"5333148076354dsc05143\" data-e-action-hash=\"#elementor-action%3Aaction%3Dlightbox%26settings%3DeyJpZCI6MTY5NzUsInVybCI6Imh0dHBzOlwvXC9mZ3UuY2FzLmN6XC93cC1jb250ZW50XC91cGxvYWRzXC8yMDI0XC8wN1wvNTMzMzE0ODA3NjM1NGRzYzA1MTQzLmpwZyIsInNsaWRlc2hvdyI6ImQ4M2VhY2EifQ%3D%3D\" href=\"https:\/\/fgu.cas.cz\/wp-content\/uploads\/2024\/07\/5333148076354dsc05143.jpg\"><figure class=\"swiper-slide-inner\"><img class=\"swiper-slide-image swiper-lazy\" data-src=\"https:\/\/fgu.cas.cz\/wp-content\/uploads\/2024\/07\/5333148076354dsc05143-743x1024.jpg\" alt=\"5333148076354dsc05143\" \/><div class=\"swiper-lazy-preloader\"><\/div><\/figure><\/a><\/div>\t\t\t<\/div>\n\t\t\t\t\t\t\t\t\t\t\t\t<div class=\"elementor-swiper-button elementor-swiper-button-prev\" role=\"button\" tabindex=\"0\">\n\t\t\t\t\t\t<svg xmlns=\"http:\/\/www.w3.org\/2000\/svg\" width=\"8\" height=\"12.453\" viewBox=\"0 0 8 12.453\"><g id=\"keyboard_arrow_down_24dp_FILL0_wght400_GRAD0_opsz24_5\" data-name=\"keyboard_arrow_down_24dp_FILL0_wght400_GRAD0_opsz24 5\" transform=\"translate(-8.959 -6)\"><path id=\"Vector\" d=\"M8.958,12.227,15.445,6l1.513,1.453-4.973,4.774L16.958,17l-1.513,1.453Z\" transform=\"translate(0 0)\" fill=\"#6c90c0\"><\/path><\/g><\/svg>\t\t\t\t\t<\/div>\n\t\t\t\t\t<div class=\"elementor-swiper-button elementor-swiper-button-next\" role=\"button\" tabindex=\"0\">\n\t\t\t\t\t\t<svg xmlns=\"http:\/\/www.w3.org\/2000\/svg\" width=\"8\" height=\"12.453\" viewBox=\"0 0 8 12.453\"><g id=\"keyboard_arrow_down_24dp_FILL0_wght400_GRAD0_opsz24_5\" data-name=\"keyboard_arrow_down_24dp_FILL0_wght400_GRAD0_opsz24 5\" transform=\"translate(16.959 18.453) rotate(180)\"><path id=\"Vector\" d=\"M8.958,12.227,15.445,6l1.513,1.453-4.973,4.774L16.958,17l-1.513,1.453Z\" transform=\"translate(0 0)\" fill=\"#6c90c0\"><\/path><\/g><\/svg>\t\t\t\t\t<\/div>\n\t\t\t\t\n\t\t\t\t\t\t\t\t\t<div class=\"swiper-pagination\"><\/div>\n\t\t\t\t\t\t\t\t\t<\/div>\n\t\t\t\t\t\t<\/div>\n\t\t\t\t<\/div>\n\t\t<div class=\"elementor-element elementor-element-ebf8664 e-flex e-con-boxed e-con e-parent\" data-id=\"ebf8664\" data-element_type=\"container\">\n\t\t\t\t\t<div class=\"e-con-inner\">\n\t\t\t\t<div class=\"elementor-element elementor-element-c324e6e elementor-widget elementor-widget-text-editor\" data-id=\"c324e6e\" data-element_type=\"widget\" data-widget_type=\"text-editor.default\">\n\t\t\t\t\t\t\t\t\t<p>The Faculty of Science, Charles University in Prague organized an international respirometric workshop (May 28\u201329, 2013). The aim of the workshop was to show students how to work with the unique oxygraph <a href=\"http:\/\/www.oroboros.at\" target=\"_blank\" rel=\"noopener\">OROBOROS<\/a> (<a href=\"http:\/\/www.oroboros.at\/index.php?id=ioc76_prague&amp;no_cache=1&amp;sword_list[]=IOC76\" target=\"_blank\" rel=\"noopener\"><strong>International O2k-Workshop on High-Resolution Respirometry<\/strong><\/a>) and how to use it for measurements of cell respiration. We not only participated in the organization and gave several talks during the theoretical session but also shared our experience with using the oxygraph in the practical session.<\/p>\t\t\t\t\t\t\t\t<\/div>\n\t\t\t\t\t<\/div>\n\t\t\t\t<\/div>\n\t\t<div class=\"elementor-element elementor-element-6c3c888 e-flex e-con-boxed e-con e-parent\" data-id=\"6c3c888\" data-element_type=\"container\">\n\t\t\t\t\t<div class=\"e-con-inner\">\n\t\t\t\t<div class=\"elementor-element elementor-element-6f8ba94 elementor-widget elementor-widget-image\" data-id=\"6f8ba94\" data-element_type=\"widget\" data-widget_type=\"image.default\">\n\t\t\t\t\t\t\t\t\t\t\t\t\t\t\t<img fetchpriority=\"high\" decoding=\"async\" width=\"768\" height=\"556\" src=\"https:\/\/fgu.cas.cz\/wp-content\/uploads\/2024\/07\/5333147fb1323dsc05116-1-768x556.jpg\" class=\"attachment-medium_large size-medium_large wp-image-16977\" alt=\"-\" srcset=\"https:\/\/fgu.cas.cz\/wp-content\/uploads\/2024\/07\/5333147fb1323dsc05116-1-768x556.jpg 768w, https:\/\/fgu.cas.cz\/wp-content\/uploads\/2024\/07\/5333147fb1323dsc05116-1-300x217.jpg 300w, https:\/\/fgu.cas.cz\/wp-content\/uploads\/2024\/07\/5333147fb1323dsc05116-1.jpg 1024w\" sizes=\"(max-width: 768px) 100vw, 768px\" title=\"\">\t\t\t\t\t\t\t\t\t\t\t\t\t\t\t<\/div>\n\t\t\t\t<div class=\"elementor-element elementor-element-bcc1d83 elementor-widget elementor-widget-text-editor\" data-id=\"bcc1d83\" data-element_type=\"widget\" data-widget_type=\"text-editor.default\">\n\t\t\t\t\t\t\t\t\t<p style=\"text-align: center;\"><em>Prof. Erich Gnaiger, the grounder and director of OROBOROS Instruments, and Dr. Zden\u011bk Drahota with the eatable version of OROBOROS oxygraph.<\/em><\/p>\t\t\t\t\t\t\t\t<\/div>\n\t\t\t\t<div class=\"elementor-element elementor-element-0ce86de elementor-widget elementor-widget-text-editor\" data-id=\"0ce86de\" data-element_type=\"widget\" data-widget_type=\"text-editor.default\">\n\t\t\t\t\t\t\t\t\t<p>Interested in more photos that were taken during the practical session? Look at the photogallery at this article.<\/p>\t\t\t\t\t\t\t\t<\/div>\n\t\t\t\t\t<\/div>\n\t\t\t\t<\/div>\n\t\t\t\t<\/div>\n\t\t","protected":false},"excerpt":{"rendered":"<p>Photogallery Dr. Gnaiger a Dr. Drahota s&nbsp;jedl\u00fdm oxygrafem Oroboros \u00da\u010dastn\u00edci kurzu The Faculty of Science, Charles University in Prague organized an international respirometric workshop (May 28\u201329, 2013). The aim of the workshop was to show students how to work with the unique oxygraph OROBOROS (International O2k-Workshop on High-Resolution Respirometry) and how to use it for [&hellip;]<\/p>\n","protected":false},"author":1,"featured_media":55280,"parent":23853,"menu_order":0,"comment_status":"closed","ping_status":"closed","template":"","meta":{"_acf_changed":false,"inline_featured_image":false,"footnotes":""},"class_list":["post-25063","page","type-page","status-publish","has-post-thumbnail","hentry"],"acf":[],"_links":{"self":[{"href":"https:\/\/fgu.cas.cz\/en\/wp-json\/wp\/v2\/pages\/25063","targetHints":{"allow":["GET"]}}],"collection":[{"href":"https:\/\/fgu.cas.cz\/en\/wp-json\/wp\/v2\/pages"}],"about":[{"href":"https:\/\/fgu.cas.cz\/en\/wp-json\/wp\/v2\/types\/page"}],"author":[{"embeddable":true,"href":"https:\/\/fgu.cas.cz\/en\/wp-json\/wp\/v2\/users\/1"}],"replies":[{"embeddable":true,"href":"https:\/\/fgu.cas.cz\/en\/wp-json\/wp\/v2\/comments?post=25063"}],"version-history":[{"count":0,"href":"https:\/\/fgu.cas.cz\/en\/wp-json\/wp\/v2\/pages\/25063\/revisions"}],"up":[{"embeddable":true,"href":"https:\/\/fgu.cas.cz\/en\/wp-json\/wp\/v2\/pages\/23853"}],"wp:featuredmedia":[{"embeddable":true,"href":"https:\/\/fgu.cas.cz\/en\/wp-json\/wp\/v2\/media\/55280"}],"wp:attachment":[{"href":"https:\/\/fgu.cas.cz\/en\/wp-json\/wp\/v2\/media?parent=25063"}],"curies":[{"name":"wp","href":"https:\/\/api.w.org\/{rel}","templated":true}]}}