{"id":25067,"date":"2024-07-17T15:23:11","date_gmt":"2024-07-17T13:23:11","guid":{"rendered":"https:\/\/fgu.antstudio.dev\/research-and-laboratories\/research-departments\/laboratory-of-bioenergetics\/tmem70-onemocneni\/"},"modified":"2025-09-30T13:57:23","modified_gmt":"2025-09-30T11:57:23","slug":"tmem70-disease","status":"publish","type":"page","link":"https:\/\/fgu.cas.cz\/en\/research-and-laboratories\/research-departments\/laboratory-of-bioenergetics\/tmem70-disease\/","title":{"rendered":"TMEM70 disease"},"content":{"rendered":"\t\t<div data-elementor-type=\"wp-page\" data-elementor-id=\"25067\" class=\"elementor elementor-25067 elementor-17053\" data-elementor-post-type=\"page\">\n\t\t\t\t<div class=\"elementor-element elementor-element-471cac8 e-flex e-con-boxed e-con e-parent\" data-id=\"471cac8\" data-element_type=\"container\">\n\t\t\t\t\t<div class=\"e-con-inner\">\n\t\t\t\t<div class=\"elementor-element elementor-element-5c83bf5 elementor-widget__width-initial elementor-widget elementor-widget-heading\" data-id=\"5c83bf5\" data-element_type=\"widget\" data-widget_type=\"heading.default\">\n\t\t\t\t\t<h1 class=\"elementor-heading-title elementor-size-default\">TMEM70 disease<\/h1>\t\t\t\t<\/div>\n\t\t\t\t\t<\/div>\n\t\t\t\t<\/div>\n\t\t<div class=\"elementor-element elementor-element-8a15d85 e-flex e-con-boxed e-con e-parent\" data-id=\"8a15d85\" data-element_type=\"container\">\n\t\t\t\t\t<div class=\"e-con-inner\">\n\t\t\t\t<div class=\"elementor-element elementor-element-0b5d0e2 elementor-widget elementor-widget-text-editor\" data-id=\"0b5d0e2\" data-element_type=\"widget\" data-widget_type=\"text-editor.default\">\n\t\t\t\t\t\t\t\t\t<p><strong>Animal models of human mitochondrial diseases enable detailed insight into pathogenic mechanisms, from molecular to organismal levels.<\/strong><\/p>\t\t\t\t\t\t\t\t<\/div>\n\t\t\t\t<div class=\"elementor-element elementor-element-ee55526 elementor-widget elementor-widget-text-editor\" data-id=\"ee55526\" data-element_type=\"widget\" data-widget_type=\"text-editor.default\">\n\t\t\t\t\t\t\t\t\t<p>According to previous studies performed at the Institute Physiology CAS, the mitochondrial ATP synthase, the key producer of cellular ATP, uniquely depends on a TMEM70, a 21-kDa protein that facilitates the biogenesis of mammalian enzyme. TMEM70 gene mutations turned out to represent the most frequent cause of ATP synthase deficiency resulting in a severe mitochondrial disease, neonatal encephalo-cardiomyopathy in humans (OMIM 604273). To further study this ancillary factor in vivo, Tmem70-deficient mice was generated. Tmem70 ablation resulted in profound growth retardation and embryonic lethality at 9.5 days of fetal development. Affected embryos displayed 80% decrease of ATP synthase and impaired biogenesis of ATP synthase, stalled at the early stage, following the formation of the F1 catalytic part of enzyme. Consequently, a decrease in ADP-stimulated respiration, respiratory control and ATP\/ADP ratios, demonstrated compromised mitochondrial ATP production. Tmem70-\/- embryos exhibited delayed development of the cardiovascular system and disturbed heart mitochondrial ultrastructure. These results thus showed that Tmem70 knockout in the mouse leads to embryonic lethality due to the lack of ATP synthase and impairment of mitochondrial energy provision and fully confirmed the expected mechanism of human TMEM70 disease. Using an inducible Tmem70 knockout, which allows us to study the function of the Tmem70 protein in living mice, we further found that a deficiency of the Tmem70 protein leads to the assembly of incomplete ATP synthase complex (cV*), which lacks the so-called c-ring. This finding represents the first clear evidence that the main role of Tmem70 is to assist in the assembly of the c-ring, a key structure for ATP synthase function.<\/p>\t\t\t\t\t\t\t\t<\/div>\n\t\t\t\t\t<\/div>\n\t\t\t\t<\/div>\n\t\t<div class=\"elementor-element elementor-element-e509182 e-con-full e-flex e-con e-child\" data-id=\"e509182\" data-element_type=\"container\">\n\t\t\t\t<div class=\"elementor-element elementor-element-b22c3e6 elementor-widget elementor-widget-image\" data-id=\"b22c3e6\" data-element_type=\"widget\" data-widget_type=\"image.default\">\n\t\t\t\t\t\t\t\t\t\t\t\t\t\t\t<img fetchpriority=\"high\" decoding=\"async\" width=\"691\" height=\"385\" src=\"https:\/\/fgu.cas.cz\/wp-content\/uploads\/2024\/07\/foto1.png\" class=\"attachment-large size-large wp-image-17057\" alt=\"-\" srcset=\"https:\/\/fgu.cas.cz\/wp-content\/uploads\/2024\/07\/foto1.png 691w, https:\/\/fgu.cas.cz\/wp-content\/uploads\/2024\/07\/foto1-300x167.png 300w\" sizes=\"(max-width: 691px) 100vw, 691px\" title=\"\">\t\t\t\t\t\t\t\t\t\t\t\t\t\t\t<\/div>\n\t\t\t\t<div class=\"elementor-element elementor-element-46a30e2 elementor-widget elementor-widget-image\" data-id=\"46a30e2\" data-element_type=\"widget\" data-widget_type=\"image.default\">\n\t\t\t\t\t\t\t\t\t\t\t\t\t\t\t<img decoding=\"async\" width=\"212\" height=\"362\" src=\"https:\/\/fgu.cas.cz\/wp-content\/uploads\/2024\/07\/foto2.png\" class=\"attachment-large size-large wp-image-17063\" alt=\"-\" srcset=\"https:\/\/fgu.cas.cz\/wp-content\/uploads\/2024\/07\/foto2.png 212w, https:\/\/fgu.cas.cz\/wp-content\/uploads\/2024\/07\/foto2-176x300.png 176w\" sizes=\"(max-width: 212px) 100vw, 212px\" title=\"\">\t\t\t\t\t\t\t\t\t\t\t\t\t\t\t<\/div>\n\t\t\t\t<\/div>\n\t\t<div class=\"elementor-element elementor-element-ace65b1 e-flex e-con-boxed e-con e-parent\" data-id=\"ace65b1\" data-element_type=\"container\">\n\t\t\t\t\t<div class=\"e-con-inner\">\n\t\t\t\t<div class=\"elementor-element elementor-element-305502d elementor-widget elementor-widget-image\" data-id=\"305502d\" data-element_type=\"widget\" data-widget_type=\"image.default\">\n\t\t\t\t\t\t\t\t\t\t\t\t\t\t\t<img decoding=\"async\" width=\"726\" height=\"446\" src=\"https:\/\/fgu.cas.cz\/wp-content\/uploads\/2024\/07\/foto3.png\" class=\"attachment-large size-large wp-image-17059\" alt=\"-\" srcset=\"https:\/\/fgu.cas.cz\/wp-content\/uploads\/2024\/07\/foto3.png 726w, https:\/\/fgu.cas.cz\/wp-content\/uploads\/2024\/07\/foto3-300x184.png 300w\" sizes=\"(max-width: 726px) 100vw, 726px\" title=\"\">\t\t\t\t\t\t\t\t\t\t\t\t\t\t\t<\/div>\n\t\t\t\t\t<\/div>\n\t\t\t\t<\/div>\n\t\t<div class=\"elementor-element elementor-element-362fb17 e-flex e-con-boxed e-con e-parent\" data-id=\"362fb17\" data-element_type=\"container\">\n\t\t\t\t\t<div class=\"e-con-inner\">\n\t\t\t\t<div class=\"elementor-element elementor-element-65470e2 elementor-widget elementor-widget-text-editor\" data-id=\"65470e2\" data-element_type=\"widget\" data-widget_type=\"text-editor.default\">\n\t\t\t\t\t\t\t\t\t<p><strong>ATP synthase deficiency and accumulation of F1 subcomplex in Tmem70-\/- embryos.<\/strong><\/p>\t\t\t\t\t\t\t\t<\/div>\n\t\t\t\t<div class=\"elementor-element elementor-element-c2c9512 elementor-widget elementor-widget-text-editor\" data-id=\"c2c9512\" data-element_type=\"widget\" data-widget_type=\"text-editor.default\">\n\t\t\t\t\t\t\t\t\t<p>Blue-Native electrophoresis of ATP synthase (F1Fo) and respiratory chain complexes of wt (+\/+) null (-\/-) and heterozygous (+\/-) Tmem70 knockout E9 embryos. ATPase in gel activity and WB detection with antibodies to ATP synthase (F1-\u03b1) and respiratory complexes II-IV (CII &#8211; SDHA subunit; CIII &#8211; Core 1 subunit; CIV &#8211; Cox4 subunit).<\/p>\t\t\t\t\t\t\t\t<\/div>\n\t\t\t\t\t<\/div>\n\t\t\t\t<\/div>\n\t\t<div class=\"elementor-element elementor-element-7d4811e e-flex e-con-boxed e-con e-parent\" data-id=\"7d4811e\" data-element_type=\"container\">\n\t\t\t\t\t<div class=\"e-con-inner\">\n\t\t\t\t<div class=\"elementor-element elementor-element-88b2783 elementor-widget elementor-widget-image\" data-id=\"88b2783\" data-element_type=\"widget\" data-widget_type=\"image.default\">\n\t\t\t\t\t\t\t\t\t\t\t\t\t\t\t<img loading=\"lazy\" decoding=\"async\" width=\"800\" height=\"719\" src=\"https:\/\/fgu.cas.cz\/wp-content\/uploads\/2024\/07\/foto4.png\" class=\"attachment-large size-large wp-image-17061\" alt=\"-\" srcset=\"https:\/\/fgu.cas.cz\/wp-content\/uploads\/2024\/07\/foto4.png 806w, https:\/\/fgu.cas.cz\/wp-content\/uploads\/2024\/07\/foto4-300x269.png 300w, https:\/\/fgu.cas.cz\/wp-content\/uploads\/2024\/07\/foto4-768x690.png 768w\" sizes=\"(max-width: 800px) 100vw, 800px\" title=\"\">\t\t\t\t\t\t\t\t\t\t\t\t\t\t\t<\/div>\n\t\t\t\t\t<\/div>\n\t\t\t\t<\/div>\n\t\t<div class=\"elementor-element elementor-element-e783e1e e-flex e-con-boxed e-con e-parent\" data-id=\"e783e1e\" data-element_type=\"container\">\n\t\t\t\t\t<div class=\"e-con-inner\">\n\t\t\t\t<div class=\"elementor-element elementor-element-18184ab elementor-widget elementor-widget-text-editor\" data-id=\"18184ab\" data-element_type=\"widget\" data-widget_type=\"text-editor.default\">\n\t\t\t\t\t\t\t\t\t<p><strong>Impaired morphology of Tmem70-\/- embryos.<\/strong><\/p>\t\t\t\t\t\t\t\t<\/div>\n\t\t\t\t<div class=\"elementor-element elementor-element-7cebcf0 elementor-widget elementor-widget-text-editor\" data-id=\"7cebcf0\" data-element_type=\"widget\" data-widget_type=\"text-editor.default\">\n\t\t\t\t\t\t\t\t\t<p>(A) Confocal microscopy of retarded heart in null (-\/-) embryo in comparison with wt (+\/+) and heterozygous (+\/-) E9.5 embryos. OT \u2013 outer tract, LV \u2013 left ventricle, LA \u2013 left atrium, NA \u2013 neuroporus anterior. Immunohistochemistry: SMA (alpha smooth muscle actin), red \u2013 myocardium; CD31, green \u2013 endocardium; Hoechst 33342, blue \u2013 nuclei; arrows \u2013 emerging ventricular trabeculation, scale bar 100 \u00b5m. (B) Electron microscopy of disturbed cristae morphology in null (-\/-) compared to wt (+\/+) heart mitochondria of E9.5 embryos. M \u2013 mitochondria, MF \u2013 myofibrils, LM \u2013 lysed mitochondria, N \u2013 nucleus, scale bar 1 \u00b5m.<\/p>\t\t\t\t\t\t\t\t<\/div>\n\t\t\t\t<div class=\"elementor-element elementor-element-b97dc5c elementor-widget elementor-widget-text-editor\" data-id=\"b97dc5c\" data-element_type=\"widget\" data-widget_type=\"text-editor.default\">\n\t\t\t\t\t\t\t\t\t<p>Vrback\u00fd, Marek \u2013 Koval\u010d\u00edkov\u00e1, Jana \u2013 Chawengsaksophak, Kallayanee \u2013 Beck, Inken \u2013 Mr\u00e1\u010dek, Tom\u00e1\u0161 \u2013 N\u016fskov\u00e1, Hana \u2013 Sedmera, David \u2013 Papou\u0161ek, Franti\u0161ek \u2013 Kol\u00e1\u0159, Franti\u0161ek \u2013 Sobol, Margarita \u2013 Hoz\u00e1k, Pavel \u2013 Sedlacek, Radislav \u2013 Hou\u0161t\u011bk, Josef.\u00a0 Knockout of Tmem70 alters biogenesis of ATP synthase and leads to embryonal lethality in mice. Human Molecular Genetics, Vol.\u00a0 25, No 21 (2016), p. 4674-4685. IF=5.985<\/p>\t\t\t\t\t\t\t\t<\/div>\n\t\t\t\t<div class=\"elementor-element elementor-element-5b938da elementor-widget elementor-widget-text-editor\" data-id=\"5b938da\" data-element_type=\"widget\" data-widget_type=\"text-editor.default\">\n\t\t\t\t\t\t\t\t\t<p><strong>Composition of incomplete ATP synthase (cV*)<\/strong><\/p>\t\t\t\t\t\t\t\t<\/div>\n\t\t\t\t<div class=\"elementor-element elementor-element-a5d7ed4 elementor-widget elementor-widget-image\" data-id=\"a5d7ed4\" data-element_type=\"widget\" data-widget_type=\"image.default\">\n\t\t\t\t\t\t\t\t\t\t\t\t<figure class=\"wp-caption\">\n\t\t\t\t\t\t\t\t\t\t<img loading=\"lazy\" decoding=\"async\" width=\"768\" height=\"637\" src=\"https:\/\/fgu.cas.cz\/wp-content\/uploads\/2025\/09\/tmem70-768x637.jpg\" class=\"attachment-medium_large size-medium_large wp-image-49181\" alt=\"-\" srcset=\"https:\/\/fgu.cas.cz\/wp-content\/uploads\/2025\/09\/tmem70-768x637.jpg 768w, https:\/\/fgu.cas.cz\/wp-content\/uploads\/2025\/09\/tmem70-300x249.jpg 300w, https:\/\/fgu.cas.cz\/wp-content\/uploads\/2025\/09\/tmem70-1024x850.jpg 1024w, https:\/\/fgu.cas.cz\/wp-content\/uploads\/2025\/09\/tmem70.jpg 1241w\" sizes=\"(max-width: 768px) 100vw, 768px\" title=\"\">\t\t\t\t\t\t\t\t\t\t\t<figcaption class=\"widget-image-caption wp-caption-text\"><\/figcaption>\n\t\t\t\t\t\t\t\t\t\t<\/figure>\n\t\t\t\t\t\t\t\t\t<\/div>\n\t\t\t\t<div class=\"elementor-element elementor-element-b7bd5ce elementor-widget elementor-widget-text-editor\" data-id=\"b7bd5ce\" data-element_type=\"widget\" data-widget_type=\"text-editor.default\">\n\t\t\t\t\t\t\t\t\t<p style=\"text-align: left;\">Native electrophoresis of ATP synthase in mouse liver homogenate; control (+\/+) vs. inducible Tmem70 knockout (-\/-). Act \u2013 detection of ATP synthase activity in gel; F<sub>1<\/sub>-\u03b1, F<sub>o<\/sub>-a, F<sub>o<\/sub>-b, F<sub>o<\/sub>-c \u2013 detection of ATP synthase subunits using specific antibodies.<\/p>\t\t\t\t\t\t\t\t<\/div>\n\t\t\t\t<div class=\"elementor-element elementor-element-b8232e1 elementor-widget elementor-widget-text-editor\" data-id=\"b8232e1\" data-element_type=\"widget\" data-widget_type=\"text-editor.default\">\n\t\t\t\t\t\t\t\t\t<p>Koval\u010d\u00edkov\u00e1, Jana \u2013 Vrback\u00fd, Marek \u2013 Pecina, Petr \u2013 Tauchmannov\u00e1, Kate\u0159ina \u2013 N\u016fskov\u00e1, Hana \u2013 Kaplanov\u00e1, Vilma \u2013 Br\u00e1zdov\u00e1, Andrea \u2013 Al\u00e1n, Luk\u00e1\u0161 \u2013 Eli\u00e1\u0161, Jan \u2013 \u010cun\u00e1tov\u00e1, Krist\u00fdna \u2013 Ko\u0159\u00ednek, Vladim\u00edr \u2013 Sedl\u00e1\u010dek, Radislav \u2013 Mr\u00e1\u010dek, Tom\u00e1\u0161 \u2013 Hou\u0161t\u011bk, Josef. TMEM70 facilitates biogenesis of mammalian ATP synthase by promoting subunit c incorporation into the rotor structure of the enzyme. FASEB Journal. 2019; 33(12); 14103-14117. IF = 4.966<\/p>\t\t\t\t\t\t\t\t<\/div>\n\t\t\t\t\t<\/div>\n\t\t\t\t<\/div>\n\t\t\t\t<\/div>\n\t\t","protected":false},"excerpt":{"rendered":"<p>Animal models of human mitochondrial diseases enable detailed insight into pathogenic mechanisms, from molecular to organismal levels. According to previous studies performed at the Institute Physiology CAS, the mitochondrial ATP synthase, the key producer of cellular ATP, uniquely depends on a TMEM70, a 21-kDa protein that facilitates the biogenesis of mammalian enzyme. TMEM70 gene mutations [&hellip;]<\/p>\n","protected":false},"author":1,"featured_media":55280,"parent":23853,"menu_order":0,"comment_status":"closed","ping_status":"closed","template":"","meta":{"_acf_changed":false,"inline_featured_image":false,"footnotes":""},"class_list":["post-25067","page","type-page","status-publish","has-post-thumbnail","hentry"],"acf":[],"_links":{"self":[{"href":"https:\/\/fgu.cas.cz\/en\/wp-json\/wp\/v2\/pages\/25067","targetHints":{"allow":["GET"]}}],"collection":[{"href":"https:\/\/fgu.cas.cz\/en\/wp-json\/wp\/v2\/pages"}],"about":[{"href":"https:\/\/fgu.cas.cz\/en\/wp-json\/wp\/v2\/types\/page"}],"author":[{"embeddable":true,"href":"https:\/\/fgu.cas.cz\/en\/wp-json\/wp\/v2\/users\/1"}],"replies":[{"embeddable":true,"href":"https:\/\/fgu.cas.cz\/en\/wp-json\/wp\/v2\/comments?post=25067"}],"version-history":[{"count":0,"href":"https:\/\/fgu.cas.cz\/en\/wp-json\/wp\/v2\/pages\/25067\/revisions"}],"up":[{"embeddable":true,"href":"https:\/\/fgu.cas.cz\/en\/wp-json\/wp\/v2\/pages\/23853"}],"wp:featuredmedia":[{"embeddable":true,"href":"https:\/\/fgu.cas.cz\/en\/wp-json\/wp\/v2\/media\/55280"}],"wp:attachment":[{"href":"https:\/\/fgu.cas.cz\/en\/wp-json\/wp\/v2\/media?parent=25067"}],"curies":[{"name":"wp","href":"https:\/\/api.w.org\/{rel}","templated":true}]}}