{"id":25075,"date":"2024-07-17T14:51:05","date_gmt":"2024-07-17T12:51:05","guid":{"rendered":"https:\/\/fgu.antstudio.dev\/research-and-laboratories\/research-departments\/laboratory-of-biomathematics\/mezinarodni-cena-za-poster-innsbruck-2016\/"},"modified":"2024-08-20T12:54:55","modified_gmt":"2024-08-20T10:54:55","slug":"international-poster-award-innsbruck-2016","status":"publish","type":"page","link":"https:\/\/fgu.cas.cz\/en\/research-and-laboratories\/research-departments\/laboratory-of-biomathematics\/international-poster-award-innsbruck-2016\/","title":{"rendered":"International poster award (Innsbruck 2016)"},"content":{"rendered":"\t\t<div data-elementor-type=\"wp-page\" data-elementor-id=\"25075\" class=\"elementor elementor-25075 elementor-17023\" data-elementor-post-type=\"page\">\n\t\t\t\t<div class=\"elementor-element elementor-element-471cac8 e-flex e-con-boxed e-con e-parent\" data-id=\"471cac8\" data-element_type=\"container\">\n\t\t\t\t\t<div class=\"e-con-inner\">\n\t\t\t\t<div class=\"elementor-element elementor-element-5c83bf5 elementor-widget__width-initial elementor-widget elementor-widget-heading\" data-id=\"5c83bf5\" data-element_type=\"widget\" data-widget_type=\"heading.default\">\n\t\t\t\t\t<h1 class=\"elementor-heading-title elementor-size-default\">International poster award (Innsbruck 2016)<\/h1>\t\t\t\t<\/div>\n\t\t\t\t\t<\/div>\n\t\t\t\t<\/div>\n\t\t<div class=\"elementor-element elementor-element-8a15d85 e-flex e-con-boxed e-con e-parent\" data-id=\"8a15d85\" data-element_type=\"container\">\n\t\t\t\t\t<div class=\"e-con-inner\">\n\t\t\t\t<div class=\"elementor-element elementor-element-0b5d0e2 elementor-widget elementor-widget-text-editor\" data-id=\"0b5d0e2\" data-element_type=\"widget\" data-widget_type=\"text-editor.default\">\n\t\t\t\t\t\t\t\t\t<p><strong>M\u011b\u0159en\u00ed objemu Langerhansov\u00fdch ostr\u016fvk\u016f pomoc\u00ed optick\u00e9 projek\u010dn\u00ed tomografie a metody Fak\u00edr<\/strong><\/p>\t\t\t\t\t\t\t\t<\/div>\n\t\t\t\t<div class=\"elementor-element elementor-element-ee55526 elementor-widget elementor-widget-text-editor\" data-id=\"ee55526\" data-element_type=\"widget\" data-widget_type=\"text-editor.default\">\n\t\t\t\t\t\t\t\t\t<p>Tato studie je sou\u010d\u00e1st\u00ed p\u0159\u00edsp\u011bvku &#8220;Real volumes of isolated human islets\u201c (Skute\u010dn\u00e9 objemy izolovan\u00fdch lidsk\u00fdch ostr\u016fvk\u016f), jeho\u017e autorem je Dr. David Habart z&nbsp;Institutu Klinick\u00e9 a Experiment\u00e1ln\u00ed Medic\u00edny (IKEM), ve spolupr\u00e1ci se dv\u011bma fakultami \u010cesk\u00e9ho vysok\u00e9ho u\u010den\u00ed technick\u00e9ho (\u010cVUT) a Matematicko-fyzik\u00e1ln\u00ed fakulty Univerzity Karlovy. V\u00fdsledky byly prezentov\u00e1ny formou posterov\u00e9ho sd\u011blen\u00ed na 6. Pracovn\u00edm semin\u00e1\u0159i EPITA (Evropsk\u00e9 spole\u010dnosti pro transplantaci pankreatu a ostr\u016fvk\u016f) &amp; 35. Pracovn\u00edm semin\u00e1\u0159i AIDPIT (AIDPIT je jednou ze studijn\u00edch skupin Evropsk\u00e9 asociace pro studium diabetu), v&nbsp;roce 2016. Dr. Habart z\u00edskal za posterov\u00e9 sd\u011blen\u00ed cenu obou v\u011bdeck\u00fdch spole\u010dnost\u00ed. Metoda Fak\u00edr byla z&nbsp;n\u011bkolika metod zji\u0161\u0165ov\u00e1n\u00ed objemu ostr\u016fvk\u016f zvolena za referen\u010dn\u00ed.<\/p><p><a href=\"https:\/\/esot.org\/events-education\/events\/3571\/posters\/1173\" target=\"_blank\" rel=\"noopener\">http:\/\/www.esot.org\/events-education\/events\/3571\/posters\/1173<\/a><\/p>\t\t\t\t\t\t\t\t<\/div>\n\t\t<div class=\"elementor-element elementor-element-e5ae92b e-con-full e-flex e-con e-child\" data-id=\"e5ae92b\" data-element_type=\"container\">\n\t\t\t\t<div class=\"elementor-element elementor-element-78e929f elementor-widget elementor-widget-image\" data-id=\"78e929f\" data-element_type=\"widget\" data-widget_type=\"image.default\">\n\t\t\t\t\t\t\t\t\t\t\t\t\t\t\t<img fetchpriority=\"high\" decoding=\"async\" width=\"366\" height=\"420\" src=\"https:\/\/fgu.cas.cz\/wp-content\/uploads\/2024\/07\/iz151022d1-a-inv40x-0403-2dm-1-new.jpg\" class=\"attachment-large size-large wp-image-17029\" alt=\"-\" srcset=\"https:\/\/fgu.cas.cz\/wp-content\/uploads\/2024\/07\/iz151022d1-a-inv40x-0403-2dm-1-new.jpg 366w, https:\/\/fgu.cas.cz\/wp-content\/uploads\/2024\/07\/iz151022d1-a-inv40x-0403-2dm-1-new-261x300.jpg 261w\" sizes=\"(max-width: 366px) 100vw, 366px\" title=\"\">\t\t\t\t\t\t\t\t\t\t\t\t\t\t\t<\/div>\n\t\t\t\t<div class=\"elementor-element elementor-element-368bc30 elementor-widget elementor-widget-image\" data-id=\"368bc30\" data-element_type=\"widget\" data-widget_type=\"image.default\">\n\t\t\t\t\t\t\t\t\t\t\t\t\t\t\t<img decoding=\"async\" width=\"367\" height=\"385\" src=\"https:\/\/fgu.cas.cz\/wp-content\/uploads\/2024\/07\/lh-0403-trim-3.gif\" class=\"attachment-large size-large wp-image-17031\" alt=\"-\" title=\"\">\t\t\t\t\t\t\t\t\t\t\t\t\t\t\t<\/div>\n\t\t\t\t<\/div>\n\t\t<div class=\"elementor-element elementor-element-74e153d e-con-full e-flex e-con e-child\" data-id=\"74e153d\" data-element_type=\"container\">\n\t\t\t\t<div class=\"elementor-element elementor-element-0f848b0 elementor-widget elementor-widget-image\" data-id=\"0f848b0\" data-element_type=\"widget\" data-widget_type=\"image.default\">\n\t\t\t\t\t\t\t\t\t\t\t\t\t\t\t<img decoding=\"async\" width=\"700\" height=\"701\" src=\"https:\/\/fgu.cas.cz\/wp-content\/uploads\/2024\/07\/lh-fakir.jpg\" class=\"attachment-large size-large wp-image-17033\" alt=\"-\" srcset=\"https:\/\/fgu.cas.cz\/wp-content\/uploads\/2024\/07\/lh-fakir.jpg 700w, https:\/\/fgu.cas.cz\/wp-content\/uploads\/2024\/07\/lh-fakir-300x300.jpg 300w, https:\/\/fgu.cas.cz\/wp-content\/uploads\/2024\/07\/lh-fakir-150x150.jpg 150w\" sizes=\"(max-width: 700px) 100vw, 700px\" title=\"\">\t\t\t\t\t\t\t\t\t\t\t\t\t\t\t<\/div>\n\t\t\t\t<\/div>\n\t\t\t\t\t<\/div>\n\t\t\t\t<\/div>\n\t\t\t\t<\/div>\n\t\t","protected":false},"excerpt":{"rendered":"<p>M\u011b\u0159en\u00ed objemu Langerhansov\u00fdch ostr\u016fvk\u016f pomoc\u00ed optick\u00e9 projek\u010dn\u00ed tomografie a metody Fak\u00edr Tato studie je sou\u010d\u00e1st\u00ed p\u0159\u00edsp\u011bvku &#8220;Real volumes of isolated human islets\u201c (Skute\u010dn\u00e9 objemy izolovan\u00fdch lidsk\u00fdch ostr\u016fvk\u016f), jeho\u017e autorem je Dr. David Habart z&nbsp;Institutu Klinick\u00e9 a Experiment\u00e1ln\u00ed Medic\u00edny (IKEM), ve spolupr\u00e1ci se dv\u011bma fakultami \u010cesk\u00e9ho vysok\u00e9ho u\u010den\u00ed technick\u00e9ho (\u010cVUT) a Matematicko-fyzik\u00e1ln\u00ed fakulty Univerzity Karlovy. V\u00fdsledky [&hellip;]<\/p>\n","protected":false},"author":1,"featured_media":55280,"parent":24848,"menu_order":0,"comment_status":"closed","ping_status":"closed","template":"","meta":{"_acf_changed":false,"inline_featured_image":false,"footnotes":""},"class_list":["post-25075","page","type-page","status-publish","has-post-thumbnail","hentry"],"acf":[],"_links":{"self":[{"href":"https:\/\/fgu.cas.cz\/en\/wp-json\/wp\/v2\/pages\/25075","targetHints":{"allow":["GET"]}}],"collection":[{"href":"https:\/\/fgu.cas.cz\/en\/wp-json\/wp\/v2\/pages"}],"about":[{"href":"https:\/\/fgu.cas.cz\/en\/wp-json\/wp\/v2\/types\/page"}],"author":[{"embeddable":true,"href":"https:\/\/fgu.cas.cz\/en\/wp-json\/wp\/v2\/users\/1"}],"replies":[{"embeddable":true,"href":"https:\/\/fgu.cas.cz\/en\/wp-json\/wp\/v2\/comments?post=25075"}],"version-history":[{"count":0,"href":"https:\/\/fgu.cas.cz\/en\/wp-json\/wp\/v2\/pages\/25075\/revisions"}],"up":[{"embeddable":true,"href":"https:\/\/fgu.cas.cz\/en\/wp-json\/wp\/v2\/pages\/24848"}],"wp:featuredmedia":[{"embeddable":true,"href":"https:\/\/fgu.cas.cz\/en\/wp-json\/wp\/v2\/media\/55280"}],"wp:attachment":[{"href":"https:\/\/fgu.cas.cz\/en\/wp-json\/wp\/v2\/media?parent=25075"}],"curies":[{"name":"wp","href":"https:\/\/api.w.org\/{rel}","templated":true}]}}