{"id":25079,"date":"2024-07-17T14:16:58","date_gmt":"2024-07-17T12:16:58","guid":{"rendered":"https:\/\/fgu.antstudio.dev\/research-and-laboratories\/research-departments\/laboratory-of-biomaterials-and-tissue-engineering\/tkanove-nahrady\/"},"modified":"2024-08-20T13:04:05","modified_gmt":"2024-08-20T11:04:05","slug":"tissue-substitution","status":"publish","type":"page","link":"https:\/\/fgu.cas.cz\/en\/research-and-laboratories\/research-departments\/laboratory-of-biomaterials-and-tissue-engineering\/tissue-substitution\/","title":{"rendered":"Tissue substitution"},"content":{"rendered":"\t\t<div data-elementor-type=\"wp-page\" data-elementor-id=\"25079\" class=\"elementor elementor-25079 elementor-16983\" data-elementor-post-type=\"page\">\n\t\t\t\t<div class=\"elementor-element elementor-element-03388f9 e-flex e-con-boxed e-con e-parent\" data-id=\"03388f9\" data-element_type=\"container\">\n\t\t\t\t\t<div class=\"e-con-inner\">\n\t\t\t\t<div class=\"elementor-element elementor-element-59039a0 elementor-widget__width-initial elementor-widget elementor-widget-heading\" data-id=\"59039a0\" data-element_type=\"widget\" data-widget_type=\"heading.default\">\n\t\t\t\t\t<h1 class=\"elementor-heading-title elementor-size-default\">Tissue substitution<\/h1>\t\t\t\t<\/div>\n\t\t\t\t\t<\/div>\n\t\t\t\t<\/div>\n\t\t<div class=\"elementor-element elementor-element-e847e69 e-con-full e-flex e-con e-child\" data-id=\"e847e69\" data-element_type=\"container\">\n\t\t\t\t<div class=\"elementor-element elementor-element-650ab54 elementor-widget elementor-widget-heading\" data-id=\"650ab54\" data-element_type=\"widget\" data-widget_type=\"heading.default\">\n\t\t\t\t\t<h2 class=\"elementor-heading-title elementor-size-default\">Fotogalerie \u010dl\u00e1nku<\/h2>\t\t\t\t<\/div>\n\t\t\t\t<div class=\"elementor-element elementor-element-d83eaca elementor-arrows-position-inside elementor-pagination-position-outside elementor-widget elementor-widget-image-carousel\" data-id=\"d83eaca\" data-element_type=\"widget\" data-settings=\"{&quot;slides_to_show&quot;:&quot;3&quot;,&quot;slides_to_scroll&quot;:&quot;1&quot;,&quot;slides_to_show_tablet&quot;:&quot;3&quot;,&quot;slides_to_show_mobile&quot;:&quot;1&quot;,&quot;lazyload&quot;:&quot;yes&quot;,&quot;image_spacing_custom_tablet&quot;:{&quot;unit&quot;:&quot;px&quot;,&quot;size&quot;:15,&quot;sizes&quot;:[]},&quot;navigation&quot;:&quot;both&quot;,&quot;autoplay&quot;:&quot;yes&quot;,&quot;pause_on_hover&quot;:&quot;yes&quot;,&quot;pause_on_interaction&quot;:&quot;yes&quot;,&quot;autoplay_speed&quot;:5000,&quot;infinite&quot;:&quot;yes&quot;,&quot;speed&quot;:500,&quot;image_spacing_custom&quot;:{&quot;unit&quot;:&quot;px&quot;,&quot;size&quot;:20,&quot;sizes&quot;:[]}}\" data-widget_type=\"image-carousel.default\">\n\t\t\t\t\t\t\t<div class=\"elementor-image-carousel-wrapper swiper\" role=\"region\" aria-roledescription=\"carousel\" aria-label=\"Image Carousel\" dir=\"ltr\">\n\t\t\t<div class=\"elementor-image-carousel swiper-wrapper swiper-image-stretch\" aria-live=\"off\">\n\t\t\t\t\t\t\t\t<div class=\"swiper-slide\" role=\"group\" aria-roledescription=\"slide\" aria-label=\"1 of 3\"><a data-elementor-open-lightbox=\"yes\" data-elementor-lightbox-slideshow=\"d83eaca\" data-elementor-lightbox-title=\"530669aba1c7dsrdecni-chlopne\" data-e-action-hash=\"#elementor-action%3Aaction%3Dlightbox%26settings%3DeyJpZCI6MTY5ODcsInVybCI6Imh0dHBzOlwvXC9mZ3UuY2FzLmN6XC93cC1jb250ZW50XC91cGxvYWRzXC8yMDI0XC8wN1wvNTMwNjY5YWJhMWM3ZHNyZGVjbmktY2hsb3BuZS5wbmciLCJzbGlkZXNob3ciOiJkODNlYWNhIn0%3D\" href=\"https:\/\/fgu.cas.cz\/wp-content\/uploads\/2024\/07\/530669aba1c7dsrdecni-chlopne.png\"><figure class=\"swiper-slide-inner\"><img class=\"swiper-slide-image swiper-lazy\" data-src=\"https:\/\/fgu.cas.cz\/wp-content\/uploads\/2024\/07\/530669aba1c7dsrdecni-chlopne.png\" alt=\"Klinicky u\u017e\u00edvan\u00e9 n\u00e1hrady srde\u010dn\u00edch chlopn\u00ed. A: N\u00e1hrada z pyrolytick\u00e9ho uhl\u00edku, vy\u017eaduj\u00edc\u00ed u\u017e\u00edv\u00e1n\u00ed l\u00e9k\u016f proti sr\u00e1\u017een\u00ed krve. B: N\u00e1hrada z biologick\u00e9ho materi\u00e1lu, ov\u0161em z ciz\u00edho d\u00e1rce (lidsk\u00e9ho \u010di zv\u00ed\u0159ec\u00edho), co\u017e navozuje imunitn\u00ed reakci.\" \/><div class=\"swiper-lazy-preloader\"><\/div><figcaption class=\"elementor-image-carousel-caption\">Klinicky u\u017e\u00edvan\u00e9 n\u00e1hrady srde\u010dn\u00edch chlopn\u00ed. A: N\u00e1hrada z&nbsp;pyrolytick\u00e9ho uhl\u00edku, vy\u017eaduj\u00edc\u00ed u\u017e\u00edv\u00e1n\u00ed l\u00e9k\u016f proti sr\u00e1\u017een\u00ed krve. B: N\u00e1hrada z&nbsp;biologick\u00e9ho materi\u00e1lu, ov\u0161em z&nbsp;ciz\u00edho d\u00e1rce (lidsk\u00e9ho \u010di zv\u00ed\u0159ec\u00edho), co\u017e navozuje imunitn\u00ed reakci.<\/figcaption><\/figure><\/a><\/div><div class=\"swiper-slide\" role=\"group\" aria-roledescription=\"slide\" aria-label=\"2 of 3\"><a data-elementor-open-lightbox=\"yes\" data-elementor-lightbox-slideshow=\"d83eaca\" data-elementor-lightbox-title=\"530669ae980c7cevni-nahrady\" data-e-action-hash=\"#elementor-action%3Aaction%3Dlightbox%26settings%3DeyJpZCI6MTY5ODksInVybCI6Imh0dHBzOlwvXC9mZ3UuY2FzLmN6XC93cC1jb250ZW50XC91cGxvYWRzXC8yMDI0XC8wN1wvNTMwNjY5YWU5ODBjN2Nldm5pLW5haHJhZHkucG5nIiwic2xpZGVzaG93IjoiZDgzZWFjYSJ9\" href=\"https:\/\/fgu.cas.cz\/wp-content\/uploads\/2024\/07\/530669ae980c7cevni-nahrady.png\"><figure class=\"swiper-slide-inner\"><img class=\"swiper-slide-image swiper-lazy\" data-src=\"https:\/\/fgu.cas.cz\/wp-content\/uploads\/2024\/07\/530669ae980c7cevni-nahrady.png\" alt=\"Klinicky u\u017e\u00edvan\u00e9 c\u00e9vn\u00ed prot\u00e9zy vyroben\u00e9 z expandovan\u00e9ho polytetrafluoroethyl\u00e9nu (ePTFE) a z polyethyl\u00e9n tereftal\u00e1tu (PET). Materi\u00e1l prot\u00e9z je vysoce hydrofobn\u00ed a v tom stavu, v jak\u00e9m vych\u00e1z\u00ed z v\u00fdroby, neumo\u017e\u0148uje rekonstrukci p\u0159irozen\u00fdch bun\u011b\u010dn\u00fdch vrstev c\u00e9vn\u00ed st\u011bny.\" \/><div class=\"swiper-lazy-preloader\"><\/div><figcaption class=\"elementor-image-carousel-caption\">Klinicky u\u017e\u00edvan\u00e9 c\u00e9vn\u00ed prot\u00e9zy vyroben\u00e9 z&nbsp;expandovan\u00e9ho polytetrafluoroethyl\u00e9nu (ePTFE) a z&nbsp;polyethyl\u00e9n tereftal\u00e1tu (PET). Materi\u00e1l prot\u00e9z je vysoce hydrofobn\u00ed a v&nbsp;tom stavu, v&nbsp;jak\u00e9m vych\u00e1z\u00ed z&nbsp;v\u00fdroby, neumo\u017e\u0148uje rekonstrukci p\u0159irozen\u00fdch bun\u011b\u010dn\u00fdch vrstev c\u00e9vn\u00ed st\u011bny.<\/figcaption><\/figure><\/a><\/div><div class=\"swiper-slide\" role=\"group\" aria-roledescription=\"slide\" aria-label=\"3 of 3\"><a data-elementor-open-lightbox=\"yes\" data-elementor-lightbox-slideshow=\"d83eaca\" data-elementor-lightbox-title=\"530669b04980aklouby\" data-e-action-hash=\"#elementor-action%3Aaction%3Dlightbox%26settings%3DeyJpZCI6MTY5OTEsInVybCI6Imh0dHBzOlwvXC9mZ3UuY2FzLmN6XC93cC1jb250ZW50XC91cGxvYWRzXC8yMDI0XC8wN1wvNTMwNjY5YjA0OTgwYWtsb3VieS5wbmciLCJzbGlkZXNob3ciOiJkODNlYWNhIn0%3D\" href=\"https:\/\/fgu.cas.cz\/wp-content\/uploads\/2024\/07\/530669b04980aklouby.png\"><figure class=\"swiper-slide-inner\"><img class=\"swiper-slide-image swiper-lazy\" data-src=\"https:\/\/fgu.cas.cz\/wp-content\/uploads\/2024\/07\/530669b04980aklouby.png\" alt=\"530669b04980aklouby\" \/><div class=\"swiper-lazy-preloader\"><\/div><\/figure><\/a><\/div>\t\t\t<\/div>\n\t\t\t\t\t\t\t\t\t\t\t\t<div class=\"elementor-swiper-button elementor-swiper-button-prev\" role=\"button\" tabindex=\"0\">\n\t\t\t\t\t\t<svg xmlns=\"http:\/\/www.w3.org\/2000\/svg\" width=\"8\" height=\"12.453\" viewBox=\"0 0 8 12.453\"><g id=\"keyboard_arrow_down_24dp_FILL0_wght400_GRAD0_opsz24_5\" data-name=\"keyboard_arrow_down_24dp_FILL0_wght400_GRAD0_opsz24 5\" transform=\"translate(-8.959 -6)\"><path id=\"Vector\" d=\"M8.958,12.227,15.445,6l1.513,1.453-4.973,4.774L16.958,17l-1.513,1.453Z\" transform=\"translate(0 0)\" fill=\"#6c90c0\"><\/path><\/g><\/svg>\t\t\t\t\t<\/div>\n\t\t\t\t\t<div class=\"elementor-swiper-button elementor-swiper-button-next\" role=\"button\" tabindex=\"0\">\n\t\t\t\t\t\t<svg xmlns=\"http:\/\/www.w3.org\/2000\/svg\" width=\"8\" height=\"12.453\" viewBox=\"0 0 8 12.453\"><g id=\"keyboard_arrow_down_24dp_FILL0_wght400_GRAD0_opsz24_5\" data-name=\"keyboard_arrow_down_24dp_FILL0_wght400_GRAD0_opsz24 5\" transform=\"translate(16.959 18.453) rotate(180)\"><path id=\"Vector\" d=\"M8.958,12.227,15.445,6l1.513,1.453-4.973,4.774L16.958,17l-1.513,1.453Z\" transform=\"translate(0 0)\" fill=\"#6c90c0\"><\/path><\/g><\/svg>\t\t\t\t\t<\/div>\n\t\t\t\t\n\t\t\t\t\t\t\t\t\t<div class=\"swiper-pagination\"><\/div>\n\t\t\t\t\t\t\t\t\t<\/div>\n\t\t\t\t\t\t<\/div>\n\t\t\t\t<\/div>\n\t\t<div class=\"elementor-element elementor-element-ebf8664 e-flex e-con-boxed e-con e-parent\" data-id=\"ebf8664\" data-element_type=\"container\">\n\t\t\t\t\t<div class=\"e-con-inner\">\n\t\t\t\t<div class=\"elementor-element elementor-element-c324e6e elementor-widget elementor-widget-text-editor\" data-id=\"c324e6e\" data-element_type=\"widget\" data-widget_type=\"text-editor.default\">\n\t\t\t\t\t\t\t\t\t<p><b>Star\u0161\u00ed generace tk\u00e1\u0148ov\u00fdch n\u00e1hrad<\/b> obsahovala prakticky pouze um\u011bl\u00fd materi\u00e1l. Tento materi\u00e1l musel b\u00fdt tzv. biokompatibiln\u00ed, tj. s&nbsp;vhodn\u00fdmi mechanick\u00fdmi vlastnostmi a bez cytotoxick\u00e9ho, mutagenn\u00edho a imunogenn\u00edho p\u016fsoben\u00ed. Ji\u017e se v\u0161ak ne\u0159e\u0161ila ot\u00e1zka, zda podporuje os\u00eddlen\u00ed bu\u0148kami nahrazovan\u00e9 tk\u00e1n\u011b a jej\u00ed regeneraci. N\u00e1hrady tohoto typu se dosud u\u017e\u00edvaj\u00ed i v&nbsp;sou\u010dasn\u00e9 klinick\u00e9 praxi a jsou p\u0159edstavov\u00e1ny nap\u0159. syntetick\u00fdmi polymern\u00edmi c\u00e9vn\u00edmi prot\u00e9zami, n\u00e1hradami srde\u010dn\u00edch chlopn\u00ed \u010di kloubn\u00edmi n\u00e1hradami (viz fotogalerie).<\/p>\t\t\t\t\t\t\t\t<\/div>\n\t\t\t\t<div class=\"elementor-element elementor-element-c8bcb3a elementor-widget elementor-widget-text-editor\" data-id=\"c8bcb3a\" data-element_type=\"widget\" data-widget_type=\"text-editor.default\">\n\t\t\t\t\t\t\t\t\t<p><strong>Modern\u00ed generace tk\u00e1\u0148ov\u00fdch n\u00e1hrad<\/strong> by m\u011bla obsahovat nejen um\u011bl\u00fd materi\u00e1l, ale i p\u0159irozen\u00e9 bun\u011b\u010dn\u00e9 slo\u017eky nahrazovan\u00e9 tk\u00e1n\u011b. Um\u011bl\u00fd materi\u00e1l v&nbsp;nich nen\u00ed pouze pasivn\u011b tolerov\u00e1n bu\u0148kami, ale slou\u017e\u00ed jako analog extracelul\u00e1rn\u00ed matrix (mezibun\u011b\u010dn\u00e9 hmoty) tk\u00e1n\u011b. To znamen\u00e1, \u017ee podobn\u011b jako p\u0159irozen\u00e1 mezibun\u011b\u010dn\u00e1 hmota \u0159\u00edd\u00ed bun\u011b\u010dn\u00e9 funkce, nap\u0159\u00edklad stupe\u0148 jejich adheze, r\u016fstov\u00e1 aktivita, p\u0159epnut\u00ed mezi r\u016fstem a diferenciac\u00ed, vyzr\u00e1v\u00e1n\u00ed bun\u011b\u010dn\u00e9ho fenotypu, produkce r\u016fzn\u00fdch biologicky aktivn\u00edch molekul bu\u0148kami.<\/p>\t\t\t\t\t\t\t\t<\/div>\n\t\t\t\t\t<\/div>\n\t\t\t\t<\/div>\n\t\t\t\t<\/div>\n\t\t","protected":false},"excerpt":{"rendered":"<p>Fotogalerie \u010dl\u00e1nku &nbsp; Klinicky u\u017e\u00edvan\u00e9 n\u00e1hrady srde\u010dn\u00edch chlopn\u00ed. A: N\u00e1hrada z&nbsp;pyrolytick\u00e9ho uhl\u00edku, vy\u017eaduj\u00edc\u00ed u\u017e\u00edv\u00e1n\u00ed l\u00e9k\u016f proti sr\u00e1\u017een\u00ed krve. B: N\u00e1hrada z&nbsp;biologick\u00e9ho materi\u00e1lu, ov\u0161em z&nbsp;ciz\u00edho d\u00e1rce (lidsk\u00e9ho \u010di zv\u00ed\u0159ec\u00edho), co\u017e navozuje imunitn\u00ed reakci. &nbsp; Klinicky u\u017e\u00edvan\u00e9 c\u00e9vn\u00ed prot\u00e9zy vyroben\u00e9 z&nbsp;expandovan\u00e9ho polytetrafluoroethyl\u00e9nu (ePTFE) a z&nbsp;polyethyl\u00e9n tereftal\u00e1tu (PET). Materi\u00e1l prot\u00e9z je vysoce hydrofobn\u00ed a v&nbsp;tom stavu, v&nbsp;jak\u00e9m vych\u00e1z\u00ed [&hellip;]<\/p>\n","protected":false},"author":1,"featured_media":55280,"parent":24861,"menu_order":0,"comment_status":"closed","ping_status":"closed","template":"","meta":{"_acf_changed":false,"inline_featured_image":false,"footnotes":""},"class_list":["post-25079","page","type-page","status-publish","has-post-thumbnail","hentry"],"acf":[],"_links":{"self":[{"href":"https:\/\/fgu.cas.cz\/en\/wp-json\/wp\/v2\/pages\/25079","targetHints":{"allow":["GET"]}}],"collection":[{"href":"https:\/\/fgu.cas.cz\/en\/wp-json\/wp\/v2\/pages"}],"about":[{"href":"https:\/\/fgu.cas.cz\/en\/wp-json\/wp\/v2\/types\/page"}],"author":[{"embeddable":true,"href":"https:\/\/fgu.cas.cz\/en\/wp-json\/wp\/v2\/users\/1"}],"replies":[{"embeddable":true,"href":"https:\/\/fgu.cas.cz\/en\/wp-json\/wp\/v2\/comments?post=25079"}],"version-history":[{"count":0,"href":"https:\/\/fgu.cas.cz\/en\/wp-json\/wp\/v2\/pages\/25079\/revisions"}],"up":[{"embeddable":true,"href":"https:\/\/fgu.cas.cz\/en\/wp-json\/wp\/v2\/pages\/24861"}],"wp:featuredmedia":[{"embeddable":true,"href":"https:\/\/fgu.cas.cz\/en\/wp-json\/wp\/v2\/media\/55280"}],"wp:attachment":[{"href":"https:\/\/fgu.cas.cz\/en\/wp-json\/wp\/v2\/media?parent=25079"}],"curies":[{"name":"wp","href":"https:\/\/api.w.org\/{rel}","templated":true}]}}