{"id":25153,"date":"2024-07-24T09:05:00","date_gmt":"2024-07-24T07:05:00","guid":{"rendered":"https:\/\/fgu.antstudio.dev\/?page_id=25153"},"modified":"2024-08-20T13:34:58","modified_gmt":"2024-08-20T11:34:58","slug":"hematological-testing-of-blood-plasma-serum-from-test-animals","status":"publish","type":"page","link":"https:\/\/fgu.cas.cz\/en\/research-and-laboratories\/service-departments\/biological-controls\/hematological-testing-of-blood-plasma-serum-from-test-animals\/","title":{"rendered":"Hematological testing of blood \/ plasma \/ serum from test animals"},"content":{"rendered":"\t\t<div data-elementor-type=\"wp-page\" data-elementor-id=\"25153\" class=\"elementor elementor-25153 elementor-19864\" data-elementor-post-type=\"page\">\n\t\t\t\t<div class=\"elementor-element elementor-element-471cac8 e-flex e-con-boxed e-con e-parent\" data-id=\"471cac8\" data-element_type=\"container\">\n\t\t\t\t\t<div class=\"e-con-inner\">\n\t\t\t\t<div class=\"elementor-element elementor-element-5c83bf5 elementor-widget__width-initial elementor-widget elementor-widget-heading\" data-id=\"5c83bf5\" data-element_type=\"widget\" data-widget_type=\"heading.default\">\n\t\t\t\t\t<h1 class=\"elementor-heading-title elementor-size-default\">Hematological testing of blood \/ plasma \/ serum from test animals<\/h1>\t\t\t\t<\/div>\n\t\t\t\t\t<\/div>\n\t\t\t\t<\/div>\n\t\t<div class=\"elementor-element elementor-element-8a15d85 e-flex e-con-boxed e-con e-parent\" data-id=\"8a15d85\" data-element_type=\"container\">\n\t\t\t\t\t<div class=\"e-con-inner\">\n\t\t\t\t<div class=\"elementor-element elementor-element-315f55f elementor-widget elementor-widget-heading\" data-id=\"315f55f\" data-element_type=\"widget\" data-widget_type=\"heading.default\">\n\t\t\t\t\t<h2 class=\"elementor-heading-title elementor-size-default\">Technick\u00e9 \u00fadaje k&nbsp;hematologick\u00e9mu testov\u00e1n\u00ed<\/h2>\t\t\t\t<\/div>\n\t\t\t\t<div class=\"elementor-element elementor-element-ee55526 elementor-widget elementor-widget-text-editor\" data-id=\"ee55526\" data-element_type=\"widget\" data-widget_type=\"text-editor.default\">\n\t\t\t\t\t\t\t\t\t<p>Druhy zv\u00ed\u0159at: my\u0161, potkan, pes, ko\u010dka, k\u016f\u0148, fretka<\/p><p>M\u011b\u0159en\u00e9 parametry: WBC, RBC, HGB, HCT, MCV, MCH, MCHC, RDW, PLT, MPV, LYM, MON, GRA, EOS<\/p><p>Druhy zv\u00ed\u0159at: kr\u00e1l\u00edk, prase, ovce, skot<\/p><p>M\u011b\u0159en\u00e9 parametry: WBC, RBC, HGB, HCT, MCV, MCH, MCHC, PLT<\/p><p>Minim\u00e1ln\u00ed objem vzorku: 50 \u03bcl EDTA krve<\/p><p>M\u011b\u0159en\u00ed krve by m\u011blo b\u00fdt provedeno do 4 hodin po odb\u011bru krve<\/p><p><strong>Technick\u00e9 specifikace<\/strong><\/p><p>Metoda: RBC, WBC a PLTS \u2013 elektrick\u00e1 impedance, hemoglobin \u2013 spektr\u00e1ln\u00ed fotometrie<\/p>\t\t\t\t\t\t\t\t<\/div>\n\t\t<div class=\"elementor-element elementor-element-5715505 e-con-full e-flex e-con e-child\" data-id=\"5715505\" data-element_type=\"container\">\n\t\t\t\t<div class=\"elementor-element elementor-element-aa0d23c elementor-widget__width-initial elementor-widget elementor-widget-image\" data-id=\"aa0d23c\" data-element_type=\"widget\" data-widget_type=\"image.default\">\n\t\t\t\t\t\t\t\t\t\t\t\t\t\t\t<img fetchpriority=\"high\" decoding=\"async\" width=\"800\" height=\"534\" src=\"https:\/\/fgu.cas.cz\/wp-content\/uploads\/2024\/07\/ruce-s-pipetou.jpg\" class=\"attachment-large size-large wp-image-19869\" alt=\"-\" srcset=\"https:\/\/fgu.cas.cz\/wp-content\/uploads\/2024\/07\/ruce-s-pipetou.jpg 1024w, https:\/\/fgu.cas.cz\/wp-content\/uploads\/2024\/07\/ruce-s-pipetou-300x200.jpg 300w, https:\/\/fgu.cas.cz\/wp-content\/uploads\/2024\/07\/ruce-s-pipetou-768x512.jpg 768w\" sizes=\"(max-width: 800px) 100vw, 800px\" title=\"\">\t\t\t\t\t\t\t\t\t\t\t\t\t\t\t<\/div>\n\t\t\t\t<div class=\"elementor-element elementor-element-20e671a elementor-widget__width-initial elementor-widget elementor-widget-image\" data-id=\"20e671a\" data-element_type=\"widget\" data-widget_type=\"image.default\">\n\t\t\t\t\t\t\t\t\t\t\t\t\t\t\t<img decoding=\"async\" width=\"200\" height=\"206\" src=\"https:\/\/fgu.cas.cz\/wp-content\/uploads\/2024\/07\/stroj.png\" class=\"attachment-large size-large wp-image-19867\" alt=\"-\" title=\"\">\t\t\t\t\t\t\t\t\t\t\t\t\t\t\t<\/div>\n\t\t\t\t<\/div>\n\t\t\t\t<div class=\"elementor-element elementor-element-7fd2695 elementor-widget elementor-widget-text-editor\" data-id=\"7fd2695\" data-element_type=\"widget\" data-widget_type=\"text-editor.default\">\n\t\t\t\t\t\t\t\t\t<p><em>scil Vet abc Plus +: Analytick\u00fd p\u0159\u00edstroj pro stanoven\u00ed hematologick\u00fdch parametr\u016f z&nbsp;pln\u00e9 krve<\/em><\/p>\t\t\t\t\t\t\t\t<\/div>\n\t\t\t\t<div class=\"elementor-element elementor-element-23b547d elementor-widget elementor-widget-heading\" data-id=\"23b547d\" data-element_type=\"widget\" data-widget_type=\"heading.default\">\n\t\t\t\t\t<h2 class=\"elementor-heading-title elementor-size-default\">Testov\u00e1n\u00ed koagula\u010dn\u00edch parametr\u016f z&nbsp;krevn\u00ed plazmy testovan\u00fdch zv\u00ed\u0159at \n<\/h2>\t\t\t\t<\/div>\n\t\t<div class=\"elementor-element elementor-element-2db1898 e-con-full e-flex e-con e-child\" data-id=\"2db1898\" data-element_type=\"container\">\n\t\t\t\t<div class=\"elementor-element elementor-element-2365b44 elementor-widget elementor-widget-text-editor\" data-id=\"2365b44\" data-element_type=\"widget\" data-widget_type=\"text-editor.default\">\n\t\t\t\t\t\t\t\t\t<p><b>Technick\u00e9 \u00fadaje<br \/><\/b>Druh zv\u00ed\u0159ete: potkan<\/p><p>M\u011b\u0159en\u00e9 parametry: APTT, PT<\/p><p>Minim\u00e1ln\u00ed objem vzorku: 60 \u03bcl citr\u00e1tov\u00e9 plazmy<\/p><p>\u00a0<\/p>\t\t\t\t\t\t\t\t<\/div>\n\t\t\t\t<div class=\"elementor-element elementor-element-f20a7e7 elementor-widget elementor-widget-image\" data-id=\"f20a7e7\" data-element_type=\"widget\" data-widget_type=\"image.default\">\n\t\t\t\t\t\t\t\t\t\t\t\t\t\t\t<img decoding=\"async\" width=\"300\" height=\"252\" src=\"https:\/\/fgu.cas.cz\/wp-content\/uploads\/2024\/07\/image-1-300x252.png\" class=\"attachment-medium size-medium wp-image-19871\" alt=\"-\" srcset=\"https:\/\/fgu.cas.cz\/wp-content\/uploads\/2024\/07\/image-1-300x252.png 300w, https:\/\/fgu.cas.cz\/wp-content\/uploads\/2024\/07\/image-1.png 539w\" sizes=\"(max-width: 300px) 100vw, 300px\" title=\"\">\t\t\t\t\t\t\t\t\t\t\t\t\t\t\t<\/div>\n\t\t\t\t<\/div>\n\t\t\t\t\t<\/div>\n\t\t\t\t<\/div>\n\t\t<div class=\"elementor-element elementor-element-440f555 e-flex e-con-boxed e-con e-parent\" data-id=\"440f555\" data-element_type=\"container\">\n\t\t\t\t\t<div class=\"e-con-inner\">\n\t\t\t\t<div class=\"elementor-element elementor-element-ef37bd4 elementor-widget elementor-widget-text-editor\" data-id=\"ef37bd4\" data-element_type=\"widget\" data-widget_type=\"text-editor.default\">\n\t\t\t\t\t\t\t\t\t<p><em>Rayto RT-2204 C Analytick\u00fd p\u0159\u00edstroj pro stanoven\u00ed koagula\u010dn\u00edch parametr\u016f z&nbsp;krevn\u00ed plasmy<\/em><\/p>\t\t\t\t\t\t\t\t<\/div>\n\t\t\t\t<div class=\"elementor-element elementor-element-b2a28f3 elementor-widget elementor-widget-heading\" data-id=\"b2a28f3\" data-element_type=\"widget\" data-widget_type=\"heading.default\">\n\t\t\t\t\t<h2 class=\"elementor-heading-title elementor-size-default\">P\u0159\u00edprava citr\u00e1tov\u00e9 plazmy\n<\/h2>\t\t\t\t<\/div>\n\t\t\t\t<div class=\"elementor-element elementor-element-7259702 elementor-widget elementor-widget-text-editor\" data-id=\"7259702\" data-element_type=\"widget\" data-widget_type=\"text-editor.default\">\n\t\t\t\t\t\t\t\t\t<p>Ven\u00f3zn\u00ed krev by m\u011bla b\u00fdt opatrn\u011b odebr\u00e1na do zkumavky o\u0161et\u0159en\u00e9 roztokem citr\u00e1tu sodn\u00e9ho. Je t\u0159eba v\u011bnovat pozornost udr\u017een\u00ed pom\u011bru 9 d\u00edl\u016f krve k&nbsp;1 d\u00edlu citr\u00e1tu. Zkumavky s&nbsp;krv\u00ed je t\u0159eba dob\u0159e prom\u00edchat a co nejd\u0159\u00edve po odb\u011bru krve centrifugovat (15 minut, 2&nbsp;500 g, 20 \u00b0 C). Vzorky plazmy by m\u011bly b\u00fdt udr\u017eov\u00e1ny p\u0159i pokojov\u00e9 teplot\u011b a m\u011bly by b\u00fdt testov\u00e1ny do 4 hodin testem PT a do 8 hodin testem APTT.<\/p><p>Netestovan\u00fd zbytek citr\u00e1tov\u00e9 plazmy by m\u011bl b\u00fdt zpracov\u00e1n na citr\u00e1tovou plazmu bez desti\u010dek druhou centrifugac\u00ed (30 minut, 3000 g, 20 \u00b0 C). Odd\u011blen\u00e1 plazma bez krevn\u00edch desti\u010dek by m\u011bla b\u00fdt okam\u017eit\u011b zmrazena na -80 \u00b0 C pro dal\u0161\u00ed mo\u017en\u00e9 testov\u00e1n\u00ed.<\/p><p>Zmrazen\u00e1 citr\u00e1tov\u00e1 plazma bez krevn\u00edch desti\u010dek by m\u011bla b\u00fdt po dobu 15 minut rozmra\u017eena p\u0159i 37 \u00b0 C, pot\u00e9 by m\u011bla b\u00fdt dob\u0159e prom\u00edch\u00e1na a centrifugov\u00e1na (5 minut, 500 ot\u00e1\u010dek za minutu, 20 \u00b0 C). Plazma by m\u011bla b\u00fdt testov\u00e1na ihned po odst\u0159ed\u011bn\u00ed.<\/p>\t\t\t\t\t\t\t\t<\/div>\n\t\t\t\t\t<\/div>\n\t\t\t\t<\/div>\n\t\t\t\t<\/div>\n\t\t","protected":false},"excerpt":{"rendered":"<p>Technick\u00e9 \u00fadaje k&nbsp;hematologick\u00e9mu testov\u00e1n\u00ed Druhy zv\u00ed\u0159at: my\u0161, potkan, pes, ko\u010dka, k\u016f\u0148, fretka M\u011b\u0159en\u00e9 parametry: WBC, RBC, HGB, HCT, MCV, MCH, MCHC, RDW, PLT, MPV, LYM, MON, GRA, EOS Druhy zv\u00ed\u0159at: kr\u00e1l\u00edk, prase, ovce, skot M\u011b\u0159en\u00e9 parametry: WBC, RBC, HGB, HCT, MCV, MCH, MCHC, PLT Minim\u00e1ln\u00ed objem vzorku: 50 \u03bcl EDTA krve M\u011b\u0159en\u00ed krve by m\u011blo [&hellip;]<\/p>\n","protected":false},"author":1,"featured_media":55280,"parent":25083,"menu_order":0,"comment_status":"closed","ping_status":"closed","template":"","meta":{"_acf_changed":false,"inline_featured_image":false,"footnotes":""},"class_list":["post-25153","page","type-page","status-publish","has-post-thumbnail","hentry"],"acf":[],"_links":{"self":[{"href":"https:\/\/fgu.cas.cz\/en\/wp-json\/wp\/v2\/pages\/25153","targetHints":{"allow":["GET"]}}],"collection":[{"href":"https:\/\/fgu.cas.cz\/en\/wp-json\/wp\/v2\/pages"}],"about":[{"href":"https:\/\/fgu.cas.cz\/en\/wp-json\/wp\/v2\/types\/page"}],"author":[{"embeddable":true,"href":"https:\/\/fgu.cas.cz\/en\/wp-json\/wp\/v2\/users\/1"}],"replies":[{"embeddable":true,"href":"https:\/\/fgu.cas.cz\/en\/wp-json\/wp\/v2\/comments?post=25153"}],"version-history":[{"count":0,"href":"https:\/\/fgu.cas.cz\/en\/wp-json\/wp\/v2\/pages\/25153\/revisions"}],"up":[{"embeddable":true,"href":"https:\/\/fgu.cas.cz\/en\/wp-json\/wp\/v2\/pages\/25083"}],"wp:featuredmedia":[{"embeddable":true,"href":"https:\/\/fgu.cas.cz\/en\/wp-json\/wp\/v2\/media\/55280"}],"wp:attachment":[{"href":"https:\/\/fgu.cas.cz\/en\/wp-json\/wp\/v2\/media?parent=25153"}],"curies":[{"name":"wp","href":"https:\/\/api.w.org\/{rel}","templated":true}]}}