{"id":27130,"date":"2024-08-07T08:22:31","date_gmt":"2024-08-07T06:22:31","guid":{"rendered":"https:\/\/fgu.antstudio.dev\/research-and-laboratories\/research\/doktorska-komise-pro-dsc\/"},"modified":"2025-11-18T16:04:36","modified_gmt":"2025-11-18T15:04:36","slug":"doctors-committee-for-dsc","status":"publish","type":"page","link":"https:\/\/fgu.cas.cz\/en\/research-and-laboratories\/research\/doctors-committee-for-dsc\/","title":{"rendered":"Doctor\u00b4s committee for DSc."},"content":{"rendered":"\t\t<div data-elementor-type=\"wp-page\" data-elementor-id=\"27130\" class=\"elementor elementor-27130 elementor-22083\" data-elementor-post-type=\"page\">\n\t\t\t\t<div class=\"elementor-element elementor-element-ecd1db9 e-flex e-con-boxed e-con e-parent\" data-id=\"ecd1db9\" data-element_type=\"container\">\n\t\t\t\t\t<div class=\"e-con-inner\">\n\t\t<div class=\"elementor-element elementor-element-f7dcc7b e-con-full elementor-hidden-tablet elementor-hidden-mobile e-flex e-con e-child\" data-id=\"f7dcc7b\" data-element_type=\"container\" data-settings=\"{&quot;background_background&quot;:&quot;classic&quot;}\">\n\t\t\t\t<\/div>\n\t\t\t\t<div class=\"elementor-element elementor-element-bbc0074 elementor-widget__width-initial elementor-widget elementor-widget-heading\" data-id=\"bbc0074\" data-element_type=\"widget\" data-widget_type=\"heading.default\">\n\t\t\t\t\t<h1 class=\"elementor-heading-title elementor-size-default\">Doctor\u00b4s committee for DSc.<\/h1>\t\t\t\t<\/div>\n\t\t\t\t\t<\/div>\n\t\t\t\t<\/div>\n\t\t<div class=\"elementor-element elementor-element-95fdb42 e-flex e-con-boxed e-con e-parent\" data-id=\"95fdb42\" data-element_type=\"container\">\n\t\t\t\t\t<div class=\"e-con-inner\">\n\t\t\t\t<div class=\"elementor-element elementor-element-bb29f82 elementor-absolute elementor-hidden-tablet elementor-hidden-mobile elementor-widget elementor-widget-image\" data-id=\"bb29f82\" data-element_type=\"widget\" data-settings=\"{&quot;_position&quot;:&quot;absolute&quot;}\" data-widget_type=\"image.default\">\n\t\t\t\t\t\t\t\t\t\t\t\t\t\t\t<img fetchpriority=\"high\" decoding=\"async\" width=\"708\" height=\"789\" src=\"https:\/\/fgu.cas.cz\/wp-content\/uploads\/2025\/11\/bg-3.webp\" class=\"attachment-large size-large wp-image-51089\" alt=\"-\" srcset=\"https:\/\/fgu.cas.cz\/wp-content\/uploads\/2025\/11\/bg-3.webp 708w, https:\/\/fgu.cas.cz\/wp-content\/uploads\/2025\/11\/bg-3-269x300.webp 269w\" sizes=\"(max-width: 708px) 100vw, 708px\" title=\"\">\t\t\t\t\t\t\t\t\t\t\t\t\t\t\t<\/div>\n\t\t<div class=\"elementor-element elementor-element-86b21d5 e-con-full elementor-hidden-tablet elementor-hidden-mobile e-flex e-con e-child\" data-id=\"86b21d5\" data-element_type=\"container\" data-settings=\"{&quot;background_background&quot;:&quot;classic&quot;,&quot;sticky&quot;:&quot;top&quot;,&quot;sticky_on&quot;:[&quot;desktop&quot;],&quot;sticky_offset&quot;:80,&quot;sticky_parent&quot;:&quot;yes&quot;,&quot;sticky_effects_offset&quot;:0,&quot;sticky_anchor_link_offset&quot;:0}\">\n\t\t\t\t<div class=\"elementor-element elementor-element-157d325 elementor-widget elementor-widget-heading\" data-id=\"157d325\" data-element_type=\"widget\" data-widget_type=\"heading.default\">\n\t\t\t\t\t<h4 class=\"elementor-heading-title elementor-size-default\">Content of this page\n<\/h4>\t\t\t\t<\/div>\n\t\t\t\t<div class=\"elementor-element elementor-element-5269f78 elementor-toc--content-ellipsis elementor-widget elementor-widget-table-of-contents\" data-id=\"5269f78\" data-element_type=\"widget\" data-settings=\"{&quot;headings_by_tags&quot;:[&quot;h2&quot;],&quot;exclude_headings_by_selector&quot;:[],&quot;marker_view&quot;:&quot;bullets&quot;,&quot;icon&quot;:{&quot;value&quot;:&quot;&quot;,&quot;library&quot;:&quot;&quot;},&quot;min_height&quot;:{&quot;unit&quot;:&quot;px&quot;,&quot;size&quot;:200,&quot;sizes&quot;:[]},&quot;no_headings_message&quot;:&quot;No headings were found on this page.&quot;,&quot;min_height_tablet&quot;:{&quot;unit&quot;:&quot;px&quot;,&quot;size&quot;:&quot;&quot;,&quot;sizes&quot;:[]},&quot;min_height_mobile&quot;:{&quot;unit&quot;:&quot;px&quot;,&quot;size&quot;:&quot;&quot;,&quot;sizes&quot;:[]}}\" data-widget_type=\"table-of-contents.default\">\n\t\t\t\t\t\t\t\t\t<div id=\"elementor-toc__5269f78\" class=\"elementor-toc__body\">\n\t\t\t<div class=\"elementor-toc__spinner-container\">\n\t\t\t\t<i class=\"elementor-toc__spinner eicon-animation-spin eicon-loading\" aria-hidden=\"true\"><\/i>\t\t\t<\/div>\n\t\t<\/div>\n\t\t\t\t\t\t<\/div>\n\t\t\t\t<\/div>\n\t\t<div class=\"elementor-element elementor-element-c66d530 e-con-full e-flex e-con e-child\" data-id=\"c66d530\" data-element_type=\"container\">\n\t\t\t\t<div class=\"elementor-element elementor-element-a0570c6 elementor-widget elementor-widget-image\" data-id=\"a0570c6\" data-element_type=\"widget\" data-widget_type=\"image.default\">\n\t\t\t\t\t\t\t\t\t\t\t\t\t\t\t<img decoding=\"async\" width=\"1200\" height=\"400\" src=\"https:\/\/fgu.cas.cz\/wp-content\/uploads\/2024\/08\/header-dsc-2024jpg-1987258066.jpg\" class=\"attachment-1536x1536 size-1536x1536 wp-image-22086\" alt=\"-\" srcset=\"https:\/\/fgu.cas.cz\/wp-content\/uploads\/2024\/08\/header-dsc-2024jpg-1987258066.jpg 1200w, https:\/\/fgu.cas.cz\/wp-content\/uploads\/2024\/08\/header-dsc-2024jpg-1987258066-300x100.jpg 300w, https:\/\/fgu.cas.cz\/wp-content\/uploads\/2024\/08\/header-dsc-2024jpg-1987258066-1024x341.jpg 1024w, https:\/\/fgu.cas.cz\/wp-content\/uploads\/2024\/08\/header-dsc-2024jpg-1987258066-768x256.jpg 768w\" sizes=\"(max-width: 1200px) 100vw, 1200px\" title=\"\">\t\t\t\t\t\t\t\t\t\t\t\t\t\t\t<\/div>\n\t\t<div class=\"elementor-element elementor-element-b25fb21 e-con-full e-flex e-con e-child\" data-id=\"b25fb21\" data-element_type=\"container\">\n\t\t\t\t<div class=\"elementor-element elementor-element-556fd69 elementor-widget elementor-widget-heading\" data-id=\"556fd69\" data-element_type=\"widget\" data-widget_type=\"heading.default\">\n\t\t\t\t\t<h2 class=\"elementor-heading-title elementor-size-default\">Field of Zoology and physiology of animals<\/h2>\t\t\t\t<\/div>\n\t\t\t\t<div class=\"elementor-element elementor-element-5bf2e57 elementor-widget elementor-widget-text-editor\" data-id=\"5bf2e57\" data-element_type=\"widget\" data-widget_type=\"text-editor.default\">\n\t\t\t\t\t\t\t\t\t<p><strong>Chairman<br \/><\/strong>prof. RNDr. Ale\u0161\u00a0<strong>Stuchl\u00edk<\/strong>, Ph.D., DSc. &#8211; Fyziologick\u00fd \u00fastav AV \u010cR<\/p><p><strong>Vice-Chariman<\/strong><br \/>prof. MUDr. P\u0159emysl <strong>Jiru\u0161ka<\/strong>, Ph.D. &#8211; 2.&nbsp;l\u00e9ka\u0159sk\u00e1 fakulta UK<\/p><p><strong>Members<br \/><\/strong>prof. RNDr. Daniel\u00a0<strong>Frynta<\/strong>, Ph.D. &#8211; P\u0159\u00edrodov\u011bdeck\u00e1 fakulta UK<br \/>prof. RNDr. Lubom\u00edr\u00a0<strong>Hanel<\/strong>, CSc. &#8211; Pedagogick\u00e1 fakulta UK<br \/>prof. RNDr. Helena\u00a0<strong>Illnerov\u00e1<\/strong>, DrSc. &#8211; Fyziologick\u00fd \u00fastav AV \u010cR<br \/>doc. RNDr. Ji\u0159\u00ed\u00a0<strong>Novotn\u00fd<\/strong>, CSc., DSc. &#8211; P\u0159\u00edrodov\u011bdeck\u00e1 fakulta UK<br \/>prof. MUDr. Bohuslav\u00a0<strong>O\u0161\u0165\u00e1dal<\/strong>, DrSc. &#8211; Fyziologick\u00fd \u00fastav AV \u010cR<br \/>prof. MUDr. Jakub\u00a0<strong>Ot\u00e1hal<\/strong>, Ph.D. &#8211; Fyziologick\u00fd \u00fastav AV \u010cR<br \/>prof. RNDr. Ji\u0159\u00ed\u00a0<strong>P\u00e1cha<\/strong>, DrSc. &#8211; Fyziologick\u00fd \u00fastav AV \u010cR.<br \/>prof. RNDr. Ji\u0159\u00ed\u00a0<strong>Pato\u010dka<\/strong>, DrSc. &#8211; Zdravotn\u011b soci\u00e1ln\u00ed fakulta JU<br \/>prof. RNDr. Zbyn\u011bk\u00a0<strong>Ro\u010dek<\/strong>, DrSc. &#8211; Geologick\u00fd \u00fastav AV \u010cR<br \/>MUDr. Vladim\u00edr\u00a0<strong>\u0160trb\u00e1k<\/strong>, DrSc. &#8211; \u00dastav experiment\u00e1ln\u00ed endokrinologie SAV<\/p><p><strong>Headquarters of the Commission<\/strong><br \/>Fyziologick\u00fd \u00fastav AV \u010cR<\/p>\t\t\t\t\t\t\t\t<\/div>\n\t\t\t\t<div class=\"elementor-element elementor-element-bcbff2c elementor-align-left button__text_arrow elementor-widget elementor-widget-button\" data-id=\"bcbff2c\" data-element_type=\"widget\" data-widget_type=\"button.default\">\n\t\t\t\t\t\t\t\t\t\t<a class=\"elementor-button elementor-button-link elementor-size-sm\" href=\"https:\/\/www.avcr.cz\/cs\/veda-a-vyzkum\/vedecky-titul-dsc.\/komise-pro-obhajoby-disertaci-a-jejich-predsedove\/\" target=\"_blank\" rel=\"noopener\">\n\t\t\t\t\t\t<span class=\"elementor-button-content-wrapper\">\n\t\t\t\t\t\t<span class=\"elementor-button-icon\">\n\t\t\t\t<svg xmlns=\"http:\/\/www.w3.org\/2000\/svg\" width=\"16\" height=\"16\" viewBox=\"0 0 16 16\" fill=\"none\"><g id=\"arrow_forward_FILL0_wght400_GRAD0_opsz24 1\"><path id=\"Vector\" d=\"M10.7832 8.66663H2.6665V7.33329H10.7832L7.04984 3.59996L7.99984 2.66663L13.3332 7.99996L7.99984 13.3333L7.04984 12.4L10.7832 8.66663Z\" fill=\"black\"><\/path><\/g><\/svg>\t\t\t<\/span>\n\t\t\t\t\t\t\t\t\t<span class=\"elementor-button-text\">Full list of dissertation defence committees<\/span>\n\t\t\t\t\t<\/span>\n\t\t\t\t\t<\/a>\n\t\t\t\t\t\t\t\t<\/div>\n\t\t\t\t<\/div>\n\t\t\t\t<\/div>\n\t\t\t\t\t<\/div>\n\t\t\t\t<\/div>\n\t\t\t\t<\/div>\n\t\t","protected":false},"excerpt":{"rendered":"<p>Content of this page Field of Zoology and physiology of animals Chairmanprof. RNDr. Ale\u0161\u00a0Stuchl\u00edk, Ph.D., DSc. &#8211; Fyziologick\u00fd \u00fastav AV \u010cR Vice-Charimanprof. MUDr. P\u0159emysl Jiru\u0161ka, Ph.D. &#8211; 2.&nbsp;l\u00e9ka\u0159sk\u00e1 fakulta UK Membersprof. RNDr. Daniel\u00a0Frynta, Ph.D. &#8211; P\u0159\u00edrodov\u011bdeck\u00e1 fakulta UKprof. RNDr. Lubom\u00edr\u00a0Hanel, CSc. &#8211; Pedagogick\u00e1 fakulta UKprof. RNDr. Helena\u00a0Illnerov\u00e1, DrSc. &#8211; Fyziologick\u00fd \u00fastav AV \u010cRdoc. RNDr. Ji\u0159\u00ed\u00a0Novotn\u00fd, [&hellip;]<\/p>\n","protected":false},"author":1,"featured_media":55280,"parent":26020,"menu_order":0,"comment_status":"closed","ping_status":"closed","template":"","meta":{"_acf_changed":false,"inline_featured_image":false,"footnotes":""},"class_list":["post-27130","page","type-page","status-publish","has-post-thumbnail","hentry"],"acf":[],"_links":{"self":[{"href":"https:\/\/fgu.cas.cz\/en\/wp-json\/wp\/v2\/pages\/27130","targetHints":{"allow":["GET"]}}],"collection":[{"href":"https:\/\/fgu.cas.cz\/en\/wp-json\/wp\/v2\/pages"}],"about":[{"href":"https:\/\/fgu.cas.cz\/en\/wp-json\/wp\/v2\/types\/page"}],"author":[{"embeddable":true,"href":"https:\/\/fgu.cas.cz\/en\/wp-json\/wp\/v2\/users\/1"}],"replies":[{"embeddable":true,"href":"https:\/\/fgu.cas.cz\/en\/wp-json\/wp\/v2\/comments?post=27130"}],"version-history":[{"count":0,"href":"https:\/\/fgu.cas.cz\/en\/wp-json\/wp\/v2\/pages\/27130\/revisions"}],"up":[{"embeddable":true,"href":"https:\/\/fgu.cas.cz\/en\/wp-json\/wp\/v2\/pages\/26020"}],"wp:featuredmedia":[{"embeddable":true,"href":"https:\/\/fgu.cas.cz\/en\/wp-json\/wp\/v2\/media\/55280"}],"wp:attachment":[{"href":"https:\/\/fgu.cas.cz\/en\/wp-json\/wp\/v2\/media?parent=27130"}],"curies":[{"name":"wp","href":"https:\/\/api.w.org\/{rel}","templated":true}]}}