{"id":27211,"date":"2024-08-06T14:43:00","date_gmt":"2024-08-06T12:43:00","guid":{"rendered":"https:\/\/fgu.antstudio.dev\/research-and-laboratories\/research\/dusevni-vlastnictvi\/"},"modified":"2025-11-18T16:02:49","modified_gmt":"2025-11-18T15:02:49","slug":"intellectual-property","status":"publish","type":"page","link":"https:\/\/fgu.cas.cz\/en\/research-and-laboratories\/research\/intellectual-property\/","title":{"rendered":"Intellectual Property"},"content":{"rendered":"\t\t<div data-elementor-type=\"wp-page\" data-elementor-id=\"27211\" class=\"elementor elementor-27211 elementor-21692\" data-elementor-post-type=\"page\">\n\t\t\t\t<div class=\"elementor-element elementor-element-ecd1db9 e-flex e-con-boxed e-con e-parent\" data-id=\"ecd1db9\" data-element_type=\"container\">\n\t\t\t\t\t<div class=\"e-con-inner\">\n\t\t<div class=\"elementor-element elementor-element-f7dcc7b e-con-full elementor-hidden-tablet elementor-hidden-mobile e-flex e-con e-child\" data-id=\"f7dcc7b\" data-element_type=\"container\" data-settings=\"{&quot;background_background&quot;:&quot;classic&quot;}\">\n\t\t\t\t<\/div>\n\t\t\t\t<div class=\"elementor-element elementor-element-bbc0074 elementor-widget__width-initial elementor-widget elementor-widget-heading\" data-id=\"bbc0074\" data-element_type=\"widget\" data-widget_type=\"heading.default\">\n\t\t\t\t\t<h1 class=\"elementor-heading-title elementor-size-default\">Intellectual Property<\/h1>\t\t\t\t<\/div>\n\t\t\t\t\t<\/div>\n\t\t\t\t<\/div>\n\t\t<div class=\"elementor-element elementor-element-95fdb42 e-flex e-con-boxed e-con e-parent\" data-id=\"95fdb42\" data-element_type=\"container\">\n\t\t\t\t\t<div class=\"e-con-inner\">\n\t\t\t\t<div class=\"elementor-element elementor-element-bb29f82 elementor-absolute elementor-hidden-tablet elementor-hidden-mobile elementor-widget elementor-widget-image\" data-id=\"bb29f82\" data-element_type=\"widget\" data-settings=\"{&quot;_position&quot;:&quot;absolute&quot;}\" data-widget_type=\"image.default\">\n\t\t\t\t\t\t\t\t\t\t\t\t\t\t\t<img fetchpriority=\"high\" decoding=\"async\" width=\"708\" height=\"789\" src=\"https:\/\/fgu.cas.cz\/wp-content\/uploads\/2025\/11\/bg-3.webp\" class=\"attachment-large size-large wp-image-51089\" alt=\"-\" srcset=\"https:\/\/fgu.cas.cz\/wp-content\/uploads\/2025\/11\/bg-3.webp 708w, https:\/\/fgu.cas.cz\/wp-content\/uploads\/2025\/11\/bg-3-269x300.webp 269w\" sizes=\"(max-width: 708px) 100vw, 708px\" title=\"\">\t\t\t\t\t\t\t\t\t\t\t\t\t\t\t<\/div>\n\t\t<div class=\"elementor-element elementor-element-86b21d5 e-con-full elementor-hidden-tablet elementor-hidden-mobile e-flex e-con e-child\" data-id=\"86b21d5\" data-element_type=\"container\" data-settings=\"{&quot;background_background&quot;:&quot;classic&quot;,&quot;sticky&quot;:&quot;top&quot;,&quot;sticky_on&quot;:[&quot;desktop&quot;],&quot;sticky_offset&quot;:80,&quot;sticky_parent&quot;:&quot;yes&quot;,&quot;sticky_effects_offset&quot;:0,&quot;sticky_anchor_link_offset&quot;:0}\">\n\t\t\t\t<div class=\"elementor-element elementor-element-157d325 elementor-widget elementor-widget-heading\" data-id=\"157d325\" data-element_type=\"widget\" data-widget_type=\"heading.default\">\n\t\t\t\t\t<h4 class=\"elementor-heading-title elementor-size-default\">Content of this page\n<\/h4>\t\t\t\t<\/div>\n\t\t\t\t<div class=\"elementor-element elementor-element-5269f78 elementor-toc--content-ellipsis elementor-widget elementor-widget-table-of-contents\" data-id=\"5269f78\" data-element_type=\"widget\" data-settings=\"{&quot;headings_by_tags&quot;:[&quot;h2&quot;],&quot;exclude_headings_by_selector&quot;:[],&quot;marker_view&quot;:&quot;bullets&quot;,&quot;icon&quot;:{&quot;value&quot;:&quot;&quot;,&quot;library&quot;:&quot;&quot;},&quot;min_height&quot;:{&quot;unit&quot;:&quot;px&quot;,&quot;size&quot;:200,&quot;sizes&quot;:[]},&quot;no_headings_message&quot;:&quot;No headings were found on this page.&quot;,&quot;min_height_tablet&quot;:{&quot;unit&quot;:&quot;px&quot;,&quot;size&quot;:&quot;&quot;,&quot;sizes&quot;:[]},&quot;min_height_mobile&quot;:{&quot;unit&quot;:&quot;px&quot;,&quot;size&quot;:&quot;&quot;,&quot;sizes&quot;:[]}}\" data-widget_type=\"table-of-contents.default\">\n\t\t\t\t\t\t\t\t\t<div id=\"elementor-toc__5269f78\" class=\"elementor-toc__body\">\n\t\t\t<div class=\"elementor-toc__spinner-container\">\n\t\t\t\t<i class=\"elementor-toc__spinner eicon-animation-spin eicon-loading\" aria-hidden=\"true\"><\/i>\t\t\t<\/div>\n\t\t<\/div>\n\t\t\t\t\t\t<\/div>\n\t\t\t\t<\/div>\n\t\t<div class=\"elementor-element elementor-element-c66d530 e-con-full e-flex e-con e-child\" data-id=\"c66d530\" data-element_type=\"container\">\n\t\t\t\t<div class=\"elementor-element elementor-element-a0570c6 elementor-widget elementor-widget-image\" data-id=\"a0570c6\" data-element_type=\"widget\" data-widget_type=\"image.default\">\n\t\t\t\t\t\t\t\t\t\t\t\t\t\t\t<img decoding=\"async\" width=\"650\" height=\"213\" src=\"https:\/\/fgu.cas.cz\/wp-content\/uploads\/2024\/08\/copyright-650x245-1.jpg\" class=\"attachment-1536x1536 size-1536x1536 wp-image-21691\" alt=\"-\" srcset=\"https:\/\/fgu.cas.cz\/wp-content\/uploads\/2024\/08\/copyright-650x245-1.jpg 650w, https:\/\/fgu.cas.cz\/wp-content\/uploads\/2024\/08\/copyright-650x245-1-300x98.jpg 300w\" sizes=\"(max-width: 650px) 100vw, 650px\" title=\"\">\t\t\t\t\t\t\t\t\t\t\t\t\t\t\t<\/div>\n\t\t<div class=\"elementor-element elementor-element-23f5255 e-con-full e-flex e-con e-child\" data-id=\"23f5255\" data-element_type=\"container\">\n\t\t\t\t<div class=\"elementor-element elementor-element-3f9b806 elementor-widget elementor-widget-text-editor\" data-id=\"3f9b806\" data-element_type=\"widget\" data-widget_type=\"text-editor.default\">\n\t\t\t\t\t\t\t\t\t<p>The Institute of Physiology CAS, within its scientific activities, achieves significant results, which are also protected as patents and utility models. At the same time, IPHYS CAS strives for effective transfer of research results into practice.<\/p>\t\t\t\t\t\t\t\t<\/div>\n\t\t\t\t<\/div>\n\t\t<div class=\"elementor-element elementor-element-a9f55a7 e-con-full e-flex e-con e-child\" data-id=\"a9f55a7\" data-element_type=\"container\" id=\"neurovedy\">\n\t\t\t\t<div class=\"elementor-element elementor-element-411f62d elementor-widget elementor-widget-heading\" data-id=\"411f62d\" data-element_type=\"widget\" data-widget_type=\"heading.default\">\n\t\t\t\t\t<h2 class=\"elementor-heading-title elementor-size-default\">Patents<\/h2>\t\t\t\t<\/div>\n\t\t\t\t<div class=\"elementor-element elementor-element-ce2a2a1 custom_accordion custom_accordion_table elementor-widget elementor-widget-accordion\" data-id=\"ce2a2a1\" data-element_type=\"widget\" data-widget_type=\"accordion.default\">\n\t\t\t\t\t\t\t<div class=\"elementor-accordion\">\n\t\t\t\t\t\t\t<div class=\"elementor-accordion-item\">\n\t\t\t\t\t<h5 id=\"elementor-tab-title-2161\" class=\"elementor-tab-title\" data-tab=\"1\" role=\"button\" aria-controls=\"elementor-tab-content-2161\" aria-expanded=\"false\">\n\t\t\t\t\t\t\t\t\t\t\t\t\t<span class=\"elementor-accordion-icon elementor-accordion-icon-right\" aria-hidden=\"true\">\n\t\t\t\t\t\t\t\t\t\t\t\t\t\t\t<span class=\"elementor-accordion-icon-closed\"><svg xmlns=\"http:\/\/www.w3.org\/2000\/svg\" width=\"10.617\" height=\"16\" viewBox=\"0 0 10.617 16\"><g id=\"keyboard_backspace_24dp_FILL0_wght200_GRAD0_opsz24_1\" data-name=\"keyboard_backspace_24dp_FILL0_wght200_GRAD0_opsz24 1\" transform=\"translate(-6.691 -4)\"><path id=\"Vector\" d=\"M17.308,14.692,12,20,6.692,14.692l.708-.708,4.1,4.1V4h1V18.084l4.1-4.1Z\" fill=\"#1d1d1b\"><\/path><\/g><\/svg><\/span>\n\t\t\t\t\t\t\t\t<span class=\"elementor-accordion-icon-opened\"><svg xmlns=\"http:\/\/www.w3.org\/2000\/svg\" width=\"10.617\" height=\"16\" viewBox=\"0 0 10.617 16\"><g id=\"keyboard_backspace_24dp_FILL0_wght200_GRAD0_opsz24_1\" data-name=\"keyboard_backspace_24dp_FILL0_wght200_GRAD0_opsz24 1\" transform=\"translate(17.309 20) rotate(180)\"><path id=\"Vector\" d=\"M17.308,14.692,12,20,6.692,14.692l.708-.708,4.1,4.1V4h1V18.084l4.1-4.1Z\" fill=\"#1d1d1b\"><\/path><\/g><\/svg><\/span>\n\t\t\t\t\t\t\t\t\t\t\t\t\t\t<\/span>\n\t\t\t\t\t\t\t\t\t\t\t\t<a class=\"elementor-accordion-title\" tabindex=\"0\">Patents<\/a>\n\t\t\t\t\t<\/h5>\n\t\t\t\t\t<div id=\"elementor-tab-content-2161\" class=\"elementor-tab-content elementor-clearfix\" data-tab=\"1\" role=\"region\" aria-labelledby=\"elementor-tab-title-2161\"><p>Current list of valid national, foreign and regional patents owned or co-owned by The Institute of Physiology CAS (as of 25 November 2020):<\/p><table><tbody><tr><td>Document No.\u00a0<\/td><td>Invention<\/td><td>Owner\/Co-owner<\/td><td>Filing Year<\/td><\/tr><tr><td><a href=\"https:\/\/isdv.upv.cz\/webapp\/resdb.print_detail.det?pspis=PT\/2019-216&amp;plang=CS\" target=\"_blank\" rel=\"noopener\"><span style=\"color: #333333;\"><span style=\"color: #333333;\">PV 2019-216<\/span><\/span><\/a><\/td><td><p>3\u01055\u00df-Neuroactive steroids for treating epilepsy and seizure disorders<\/p><\/td><td>FG\u00da AV \u010cR<br \/>\u00daOCHB AV \u010cR<\/td><td>2019<\/td><\/tr><tr><td><a href=\"https:\/\/isdv.upv.cz\/doc\/FullFiles\/Patents\/FullDocuments\/304\/304445.pdf\" target=\"_blank\" rel=\"noopener\"><span style=\"color: #333333;\"><span style=\"color: #333333;\">CZ304445<\/span><\/span><\/a><\/td><td>Joint implant and process for producing thereof<\/td><td>FG\u00da AV \u010cR<br \/>Univerzita Karlova v&nbsp;Praze<br \/>Beznoska, s.r.o.<\/td><td>2012<\/td><\/tr><tr><td><span style=\"color: #333333;\"><a href=\"https:\/\/isdv.upv.cz\/doc\/FullFiles\/Patents\/FullDocuments\/298\/298978.pdf\" target=\"_blank\" rel=\"noopener\">CZ298978<\/a><br \/><a href=\"http:\/\/www.ic.gc.ca\/opic-cipo\/cpd\/eng\/patent\/2665762\/summary.html?query=nekvasil&amp;start=1&amp;num=50&amp;type=basic_search\" target=\"_blank\" rel=\"noopener\">CA2665762<\/a><br \/><a href=\"https:\/\/worldwide.espacenet.com\/publicationDetails\/biblio?II=0&amp;ND=3&amp;adjacent=true&amp;locale=en_EP&amp;FT=D&amp;date=20090923&amp;CC=EP&amp;NR=2101732A2&amp;KC=A2\" target=\"_blank\" rel=\"noopener\">EP2101732<\/a><\/span><\/td><td><p>Liposomal, gel-like phthalocyanine composition for photodynamic therapy of tumor diseases and process for preparing thereof<\/p><\/td><td>FG\u00da AV \u010cR<\/td><td>2006<\/td><\/tr><tr><td><a href=\"https:\/\/isdv.upv.cz\/doc\/FullFiles\/Patents\/FullDocuments\/307\/307580.pdf\" target=\"_blank\" rel=\"noopener\"><span style=\"color: #333333;\"><span style=\"color: #333333;\">CZ307580<\/span><\/span><\/a><\/td><td>A liposomal dosage form with light-converting nanoparticles, its preparation and use<\/td><td>FG\u00da AV \u010cR<\/td><td>2017<\/td><\/tr><tr><td><a href=\"https:\/\/worldwide.espacenet.com\/publicationDetails\/biblio?DB=EPODOC&amp;II=0&amp;ND=3&amp;adjacent=true&amp;locale=en_EP&amp;FT=D&amp;date=20170216&amp;CC=US&amp;NR=2017044230A1&amp;KC=A1\" target=\"_blank\" rel=\"noopener\"><span style=\"color: #333333;\"><span style=\"color: #333333;\">PV 2014-429<\/span><\/span><\/a><\/td><td><p>Long-acting stable peptide analogs of ghreline for the treatment of cachexia<\/p><\/td><td>\u00daOCHB AV \u010cR<br \/>FG\u00da AV \u010cR<\/td><td>2014<\/td><\/tr><tr><td><span style=\"color: #333333;\"><a href=\"https:\/\/isdv.upv.cz\/doc\/FullFiles\/Patents\/FullDocuments\/305\/305733.pdf\" target=\"_blank\" rel=\"noopener\">CZ305733<\/a><br \/><a href=\"https:\/\/www4.j-platpat.inpit.go.jp\/eng\/tokujitsu\/tkbs_en\/TKBS_EN_GM401_Detailed.action\" target=\"_blank\" rel=\"noopener\">JP6437636<\/a><br \/><a href=\"https:\/\/worldwide.espacenet.com\/publicationDetails\/biblio?II=0&amp;ND=3&amp;adjacent=true&amp;locale=en_EP&amp;FT=D&amp;date=20171227&amp;CC=EP&amp;NR=3260462A1&amp;KC=A1\" target=\"_blank\" rel=\"noopener\">EP3260462<\/a><br \/><a href=\"https:\/\/worldwide.espacenet.com\/publicationDetails\/biblio?II=0&amp;ND=3&amp;adjacent=true&amp;locale=en_EP&amp;FT=D&amp;date=20170705&amp;CC=EP&amp;NR=3186267A1&amp;KC=A1\" target=\"_blank\" rel=\"noopener\">EP3186267<\/a><br \/><a href=\"https:\/\/www.ic.gc.ca\/opic-cipo\/cpd\/eng\/patent\/3013725\/summary.html?query=3013725&amp;type=basic_search\" target=\"_blank\" rel=\"noopener\">CA3013725<\/a><\/span><\/td><td><p>Amphiphilic compounds with neuroprotective properties<\/p><\/td><td>\u00daOCHB AV \u010cR<br \/>FG\u00da AV \u010cR<\/td><td>2014<\/td><\/tr><tr><td><span style=\"color: #333333;\"><a href=\"https:\/\/isdv.upv.cz\/doc\/FullFiles\/Applications\/2009\/PPVCZ2009_0348A3.pdf\" target=\"_blank\" rel=\"noopener\">CZ 303037<\/a><br \/><a href=\"https:\/\/worldwide.espacenet.com\/publicationDetails\/biblio?FT=D&amp;date=20161012&amp;DB=&amp;locale=en_EP&amp;CC=EP&amp;NR=2435463B1&amp;KC=B1&amp;ND=4\" target=\"_blank\" rel=\"noopener\">EP2435963<\/a><br \/><a href=\"https:\/\/pdfpiw.uspto.gov\/.piw?Docid=08575376&amp;homeurl=http%3A%2F%2Fpatft.uspto.gov%2Fnetacgi%2Fnph-Parser%3FSect1%3DPTO2%2526Sect2%3DHITOFF%2526u%3D%25252Fnetahtml%25252FPTO%25252Fsearch-adv.htm%2526r%3D10%2526p%3D1%2526f%3DG%2526l%3D50%2526d%3DPTXT%2526S1%3D8575376%2526OS%3D8575376%2526RS%3D8575376&amp;PageNum=&amp;Rtype=&amp;SectionNum=&amp;idkey=NONE&amp;Input=View+first+page\" target=\"_blank\" rel=\"noopener\">US8575376<\/a><\/span><\/td><td><p>Pregnanolone derivatives substituted in position 3 alpha, process for their preparation and use<\/p><\/td><td>\u00daOCHB AV \u010cR<br \/>FG\u00da AV \u010cR<br \/>Psychiatrick\u00e9 centrum Praha<\/td><td>2009<\/td><\/tr><tr><td><span style=\"color: #333333;\"><a href=\"https:\/\/isdv.upv.cz\/doc\/FullFiles\/Patents\/FullDocuments\/303\/303443.pdf\" target=\"_blank\" rel=\"noopener\">CZ 303443<\/a><br \/><a href=\"https:\/\/worldwide.espacenet.com\/publicationDetails\/originalDocument?FT=D&amp;date=20180418&amp;DB=&amp;locale=en_EP&amp;CC=EP&amp;NR=2675821B1&amp;KC=B1&amp;ND=4\" target=\"_blank\" rel=\"noopener\">EP2675821<\/a><\/span><\/td><td><p>Pregnanolone derivatives substituted in position 3alpha with cationic group, process of their preparation, their use and composition containing them<\/p><\/td><td>\u00daOCHB AV \u010cR<br \/>FG\u00da AV \u010cR<\/td><td>2011<\/td><\/tr><tr><td><span style=\"color: #333333;\"><a href=\"https:\/\/worldwide.espacenet.com\/publicationDetails\/biblio?II=0&amp;ND=3&amp;adjacent=true&amp;locale=en_EP&amp;FT=D&amp;date=20161123&amp;CC=EP&amp;NR=3094643A2&amp;KC=A2\" target=\"_blank\" rel=\"noopener\">EP3094643<\/a><br \/><a href=\"http:\/\/pericles.ipaustralia.gov.au\/ols\/auspat\/applicationDetails.do?applicationNo=2015207776\" target=\"_blank\" rel=\"noopener\">AU2015207776<\/a><br \/><a href=\"http:\/\/www.ic.gc.ca\/opic-cipo\/cpd\/eng\/patent\/2935026\/summary.html?query=2935026&amp;start=1&amp;num=50&amp;type=basic_search\" target=\"_blank\" rel=\"noopener\">CA2935023<\/a><br \/><a href=\"https:\/\/www4.j-platpat.inpit.go.jp\/cgi-bin\/tran_web_cgi_ejje?u=http:\/\/www4.j-platpat.inpit.go.jp\/eng\/translation\/2019031918355759573663663613679346BEC773FFDAC4B1DCD895B5A9A511748\" target=\"_blank\" rel=\"noopener\">JP6342016<\/a><br \/><a href=\"http:\/\/patft.uspto.gov\/netacgi\/nph-Parser?Sect1=PTO2&amp;Sect2=HITOFF&amp;p=1&amp;u=%2Fnetahtml%2FPTO%2Fsearch-adv.htm&amp;r=1&amp;f=G&amp;l=50&amp;d=PTXT&amp;S1=10350271&amp;OS=10350271&amp;RS=10350271\" target=\"_blank\" rel=\"noopener\">US10,350,271<\/a><\/span><\/td><td>Lipidated peptides lowering a blood glucose level<\/td><td>\u00daOCHB AV \u010cR<br \/>FG\u00da AV \u010cR<\/td><td>2015<\/td><\/tr><tr><td><a href=\"https:\/\/isdv.upv.cz\/doc\/FullFiles\/Patents\/FullDocuments\/307\/307648.pdf\" target=\"_blank\" rel=\"noopener\"><span style=\"color: #333333;\"><span style=\"color: #333333;\">CZ307648<\/span><\/span><\/a><\/td><td><p>Targeting the effect of N-methyl-D-aspartate receptor mutation<\/p><\/td><td>\u00daOCHB AV \u010cR<br \/>FG\u00da AV \u010cR<\/td><td>2017<\/td><\/tr><\/tbody><\/table><\/div>\n\t\t\t\t<\/div>\n\t\t\t\t\t\t\t\t<\/div>\n\t\t\t\t\t\t<\/div>\n\t\t\t\t<\/div>\n\t\t<div class=\"elementor-element elementor-element-6c6af50 e-con-full e-flex e-con e-child\" data-id=\"6c6af50\" data-element_type=\"container\">\n\t\t\t\t<div class=\"elementor-element elementor-element-e61f3d5 elementor-widget elementor-widget-heading\" data-id=\"e61f3d5\" data-element_type=\"widget\" data-widget_type=\"heading.default\">\n\t\t\t\t\t<h2 class=\"elementor-heading-title elementor-size-default\">Utility models\n<\/h2>\t\t\t\t<\/div>\n\t\t\t\t<div class=\"elementor-element elementor-element-aacff84 custom_accordion custom_accordion_table elementor-widget elementor-widget-accordion\" data-id=\"aacff84\" data-element_type=\"widget\" data-widget_type=\"accordion.default\">\n\t\t\t\t\t\t\t<div class=\"elementor-accordion\">\n\t\t\t\t\t\t\t<div class=\"elementor-accordion-item\">\n\t\t\t\t\t<h5 id=\"elementor-tab-title-1791\" class=\"elementor-tab-title\" data-tab=\"1\" role=\"button\" aria-controls=\"elementor-tab-content-1791\" aria-expanded=\"false\">\n\t\t\t\t\t\t\t\t\t\t\t\t\t<span class=\"elementor-accordion-icon elementor-accordion-icon-right\" aria-hidden=\"true\">\n\t\t\t\t\t\t\t\t\t\t\t\t\t\t\t<span class=\"elementor-accordion-icon-closed\"><svg xmlns=\"http:\/\/www.w3.org\/2000\/svg\" width=\"10.617\" height=\"16\" viewBox=\"0 0 10.617 16\"><g id=\"keyboard_backspace_24dp_FILL0_wght200_GRAD0_opsz24_1\" data-name=\"keyboard_backspace_24dp_FILL0_wght200_GRAD0_opsz24 1\" transform=\"translate(-6.691 -4)\"><path id=\"Vector\" d=\"M17.308,14.692,12,20,6.692,14.692l.708-.708,4.1,4.1V4h1V18.084l4.1-4.1Z\" fill=\"#1d1d1b\"><\/path><\/g><\/svg><\/span>\n\t\t\t\t\t\t\t\t<span class=\"elementor-accordion-icon-opened\"><svg xmlns=\"http:\/\/www.w3.org\/2000\/svg\" width=\"10.617\" height=\"16\" viewBox=\"0 0 10.617 16\"><g id=\"keyboard_backspace_24dp_FILL0_wght200_GRAD0_opsz24_1\" data-name=\"keyboard_backspace_24dp_FILL0_wght200_GRAD0_opsz24 1\" transform=\"translate(17.309 20) rotate(180)\"><path id=\"Vector\" d=\"M17.308,14.692,12,20,6.692,14.692l.708-.708,4.1,4.1V4h1V18.084l4.1-4.1Z\" fill=\"#1d1d1b\"><\/path><\/g><\/svg><\/span>\n\t\t\t\t\t\t\t\t\t\t\t\t\t\t<\/span>\n\t\t\t\t\t\t\t\t\t\t\t\t<a class=\"elementor-accordion-title\" tabindex=\"0\">Utility models<\/a>\n\t\t\t\t\t<\/h5>\n\t\t\t\t\t<div id=\"elementor-tab-content-1791\" class=\"elementor-tab-content elementor-clearfix\" data-tab=\"1\" role=\"region\" aria-labelledby=\"elementor-tab-title-1791\"><p>Current list of valid utility models registered by <a href=\"https:\/\/www.upv.cz\/cs\/sluzby-uradu\/databaze-on-line.html\" target=\"_blank\" rel=\"noopener\">The Czech Industrial Property Office<\/a> (as of 25 November 2020):<\/p><table><tbody><tr><td>Document No.<\/td><td>Utility model<\/td><td>Owner\/Co-owner<\/td><\/tr><tr><td><a href=\"https:\/\/isdv.upv.cz\/doc\/FullFiles\/UtilityModels\/FullDocuments\/FDUM0033\/uv033916.pdf\" target=\"_blank\" rel=\"noopener\"><span style=\"color: #333333;\">33916<\/span><\/a><\/td><td><p>Culture chamber for pressure stimulation in culture wells<\/p><\/td><td>FG\u00da AV \u010cR<br \/>\u010cVUT v&nbsp;Praze<br \/>IKEM<\/td><\/tr><tr><td><a href=\"https:\/\/isdv.upv.cz\/doc\/FullFiles\/UtilityModels\/FullDocuments\/FDUM0034\/uv034329.pdf\" target=\"_blank\" rel=\"noopener\"><span style=\"color: #333333;\">34329<\/span><\/a><\/td><td><p>A mixture for the treatment of talipes equinovarus and a pharmaceutical composition comprising it<\/p><\/td><td>FG\u00da AV \u010cR<br \/>Nemocnice Na Bulovce<br \/>Krajsk\u00e1 zdravotn\u00ed, a.s., \u00dast\u00ed n. L.<\/td><\/tr><tr><td><a href=\"https:\/\/isdv.upv.cz\/doc\/FullFiles\/UtilityModels\/FullDocuments\/FDUM0032\/uv032210.pdf\" target=\"_blank\" rel=\"noopener\"><span style=\"color: #333333;\">32210<\/span><\/a><\/td><td><p>A composite coating for bone implants<\/p><\/td><td>FG\u00da AV \u010cR<br \/>FZ\u00da AV \u010cR<\/td><\/tr><tr><td><a href=\"https:\/\/isdv.upv.cz\/doc\/FullFiles\/UtilityModels\/FullDocuments\/FDUM0032\/uv032211.pdf\" target=\"_blank\" rel=\"noopener\"><span style=\"color: #333333;\">32211<\/span><\/a><\/td><td><p>A nanodiamond coating of fluoropolymer film for bone implant<\/p><\/td><td>FG\u00da AV \u010cR<br \/>FZ\u00da AV \u010cR<br \/>V\u0160CHT v&nbsp;Praze<\/td><\/tr><tr><td><a href=\"https:\/\/isdv.upv.cz\/doc\/FullFiles\/UtilityModels\/FullDocuments\/FDUM0031\/uv031066.pdf\" target=\"_blank\" rel=\"noopener\"><span style=\"color: #333333;\">31066<\/span><\/a><\/td><td><p>A system for rotating endothelializationof vascular prostheses<\/p><\/td><td>\u010cVUT v&nbsp;Praze<br \/>FG\u00da AV \u010cR<br \/>N\u00e1rodn\u00ed centrum bun\u011bk a tk\u00e1n\u00ed<\/td><\/tr><tr><td><a href=\"https:\/\/isdv.upv.cz\/doc\/FullFiles\/UtilityModels\/FullDocuments\/FDUM0030\/uv030441.pdf\" target=\"_blank\" rel=\"noopener\"><span style=\"color: #333333;\">30441<\/span><\/a><\/td><td>A cultivation chamber for dynamic cultivation of cells on tubular carriers <\/td><td>\u010cVUT v&nbsp;Praze<br \/>FG\u00da AV \u010cR<br \/>N\u00e1rodn\u00ed centrum bun\u011bk a tk\u00e1n\u00ed<\/td><\/tr><tr><td><a href=\"https:\/\/isdv.upv.cz\/doc\/FullFiles\/UtilityModels\/FullDocuments\/FDUM0030\/uv030691.pdf\" target=\"_blank\" rel=\"noopener\"><span style=\"color: #333333;\">30691<\/span><\/a><\/td><td><p>A cultivation chamber for in-vitro optical-electrical monitoring of biological cultures with impedance optical-transparent diamond electrodes<\/p><\/td><td>FG\u00da AV \u010cR<br \/>FZ\u00da AV \u010cR<\/td><\/tr><\/tbody><\/table><\/div>\n\t\t\t\t<\/div>\n\t\t\t\t\t\t\t\t<\/div>\n\t\t\t\t\t\t<\/div>\n\t\t\t\t<\/div>\n\t\t<div class=\"elementor-element elementor-element-27f85d7 e-con-full e-flex e-con e-child\" data-id=\"27f85d7\" data-element_type=\"container\">\n\t\t\t\t<div class=\"elementor-element elementor-element-a1d7496 elementor-widget elementor-widget-heading\" data-id=\"a1d7496\" data-element_type=\"widget\" data-widget_type=\"heading.default\">\n\t\t\t\t\t<h2 class=\"elementor-heading-title elementor-size-default\">Technology Transfer<\/h2>\t\t\t\t<\/div>\n\t\t\t\t<div class=\"elementor-element elementor-element-cede1f1 elementor-widget elementor-widget-text-editor\" data-id=\"cede1f1\" data-element_type=\"widget\" data-widget_type=\"text-editor.default\">\n\t\t\t\t\t\t\t\t\t<p>The Institute of Physiology is a member of <a href=\"https:\/\/www.transfera.cz\/en\/\" target=\"_blank\" rel=\"noopener\">Transfera.cz<\/a>, which associates Czech technology transfer offices.<\/p>\t\t\t\t\t\t\t\t<\/div>\n\t\t\t\t<\/div>\n\t\t<div class=\"elementor-element elementor-element-21874d4 e-con-full e-flex e-con e-child\" data-id=\"21874d4\" data-element_type=\"container\">\n\t\t\t\t<div class=\"elementor-element elementor-element-69383a1 elementor-widget elementor-widget-heading\" data-id=\"69383a1\" data-element_type=\"widget\" data-widget_type=\"heading.default\">\n\t\t\t\t\t<h2 class=\"elementor-heading-title elementor-size-default\">Contact<\/h2>\t\t\t\t<\/div>\n\t\t\t\t<div class=\"elementor-element elementor-element-111ec8b elementor-widget elementor-widget-text-editor\" data-id=\"111ec8b\" data-element_type=\"widget\" data-widget_type=\"text-editor.default\">\n\t\t\t\t\t\t\t\t\t<p>Contact person at IPHYS CAS for Intellectual Property and Technology Transfer:<\/p><p>Ing. Petra Jane\u010dkov\u00e1, email: petra.janeckova@fgu.cas.cz<\/p>\t\t\t\t\t\t\t\t<\/div>\n\t\t\t\t<div class=\"elementor-element elementor-element-82f6a6a elementor-grid-1 elementor-grid-tablet-1 elementor-grid-mobile-1 elementor-widget elementor-widget-loop-grid\" data-id=\"82f6a6a\" data-element_type=\"widget\" data-settings=\"{&quot;template_id&quot;:1210,&quot;columns&quot;:1,&quot;row_gap&quot;:{&quot;unit&quot;:&quot;px&quot;,&quot;size&quot;:20,&quot;sizes&quot;:[]},&quot;columns_tablet&quot;:1,&quot;row_gap_mobile&quot;:{&quot;unit&quot;:&quot;px&quot;,&quot;size&quot;:10,&quot;sizes&quot;:[]},&quot;_skin&quot;:&quot;post&quot;,&quot;columns_mobile&quot;:&quot;1&quot;,&quot;edit_handle_selector&quot;:&quot;[data-elementor-type=\\&quot;loop-item\\&quot;]&quot;,&quot;row_gap_tablet&quot;:{&quot;unit&quot;:&quot;px&quot;,&quot;size&quot;:&quot;&quot;,&quot;sizes&quot;:[]}}\" data-widget_type=\"loop-grid.post\">\n\t\t\t\t<div class=\"elementor-widget-container\">\n\t\t\t\t\t\t\t<div class=\"e-loop-nothing-found-message\">\n\t\t<\/div>\n\t\t\t\t\t\t<\/div>\n\t\t\t\t<\/div>\n\t\t\t\t<\/div>\n\t\t\t\t<\/div>\n\t\t\t\t\t<\/div>\n\t\t\t\t<\/div>\n\t\t\t\t<\/div>\n\t\t","protected":false},"excerpt":{"rendered":"<p>Content of this page The Institute of Physiology CAS, within its scientific activities, achieves significant results, which are also protected as patents and utility models. At the same time, IPHYS CAS strives for effective transfer of research results into practice. Patents Patents Current list of valid national, foreign and regional patents owned or co-owned by [&hellip;]<\/p>\n","protected":false},"author":1,"featured_media":55280,"parent":26020,"menu_order":0,"comment_status":"closed","ping_status":"closed","template":"","meta":{"_acf_changed":false,"inline_featured_image":false,"footnotes":""},"class_list":["post-27211","page","type-page","status-publish","has-post-thumbnail","hentry"],"acf":[],"_links":{"self":[{"href":"https:\/\/fgu.cas.cz\/en\/wp-json\/wp\/v2\/pages\/27211","targetHints":{"allow":["GET"]}}],"collection":[{"href":"https:\/\/fgu.cas.cz\/en\/wp-json\/wp\/v2\/pages"}],"about":[{"href":"https:\/\/fgu.cas.cz\/en\/wp-json\/wp\/v2\/types\/page"}],"author":[{"embeddable":true,"href":"https:\/\/fgu.cas.cz\/en\/wp-json\/wp\/v2\/users\/1"}],"replies":[{"embeddable":true,"href":"https:\/\/fgu.cas.cz\/en\/wp-json\/wp\/v2\/comments?post=27211"}],"version-history":[{"count":0,"href":"https:\/\/fgu.cas.cz\/en\/wp-json\/wp\/v2\/pages\/27211\/revisions"}],"up":[{"embeddable":true,"href":"https:\/\/fgu.cas.cz\/en\/wp-json\/wp\/v2\/pages\/26020"}],"wp:featuredmedia":[{"embeddable":true,"href":"https:\/\/fgu.cas.cz\/en\/wp-json\/wp\/v2\/media\/55280"}],"wp:attachment":[{"href":"https:\/\/fgu.cas.cz\/en\/wp-json\/wp\/v2\/media?parent=27211"}],"curies":[{"name":"wp","href":"https:\/\/api.w.org\/{rel}","templated":true}]}}