{"id":27323,"date":"2024-07-11T15:17:41","date_gmt":"2024-07-11T13:17:41","guid":{"rendered":"https:\/\/fgu.antstudio.dev\/about-the-institute\/elektronicka-podatelna\/"},"modified":"2025-11-18T16:02:04","modified_gmt":"2025-11-18T15:02:04","slug":"electronic-file-room","status":"publish","type":"page","link":"https:\/\/fgu.cas.cz\/en\/about-the-institute\/electronic-file-room\/","title":{"rendered":"Electronic file room"},"content":{"rendered":"\t\t<div data-elementor-type=\"wp-page\" data-elementor-id=\"27323\" class=\"elementor elementor-27323 elementor-4862\" data-elementor-post-type=\"page\">\n\t\t\t\t<div class=\"elementor-element elementor-element-47f3296 e-flex e-con-boxed e-con e-parent\" data-id=\"47f3296\" data-element_type=\"container\">\n\t\t\t\t\t<div class=\"e-con-inner\">\n\t\t<div class=\"elementor-element elementor-element-609b7db e-con-full elementor-hidden-tablet elementor-hidden-mobile e-flex e-con e-child\" data-id=\"609b7db\" data-element_type=\"container\" data-settings=\"{&quot;background_background&quot;:&quot;classic&quot;}\">\n\t\t\t\t<\/div>\n\t\t\t\t<div class=\"elementor-element elementor-element-a171570 elementor-widget__width-initial elementor-widget elementor-widget-heading\" data-id=\"a171570\" data-element_type=\"widget\" data-widget_type=\"heading.default\">\n\t\t\t\t\t<h1 class=\"elementor-heading-title elementor-size-default\">Electronic file room<\/h1>\t\t\t\t<\/div>\n\t\t\t\t\t<\/div>\n\t\t\t\t<\/div>\n\t\t<div class=\"elementor-element elementor-element-2d1bfb4 e-flex e-con-boxed e-con e-parent\" data-id=\"2d1bfb4\" data-element_type=\"container\">\n\t\t\t\t\t<div class=\"e-con-inner\">\n\t\t\t\t<div class=\"elementor-element elementor-element-b7bd736 elementor-absolute elementor-hidden-tablet elementor-hidden-mobile elementor-widget elementor-widget-image\" data-id=\"b7bd736\" data-element_type=\"widget\" data-settings=\"{&quot;_position&quot;:&quot;absolute&quot;}\" data-widget_type=\"image.default\">\n\t\t\t\t\t\t\t\t\t\t\t\t\t\t\t<img fetchpriority=\"high\" decoding=\"async\" width=\"708\" height=\"789\" src=\"https:\/\/fgu.cas.cz\/wp-content\/uploads\/2025\/11\/bg-3.webp\" class=\"attachment-large size-large wp-image-51089\" alt=\"-\" srcset=\"https:\/\/fgu.cas.cz\/wp-content\/uploads\/2025\/11\/bg-3.webp 708w, https:\/\/fgu.cas.cz\/wp-content\/uploads\/2025\/11\/bg-3-269x300.webp 269w\" sizes=\"(max-width: 708px) 100vw, 708px\" title=\"\">\t\t\t\t\t\t\t\t\t\t\t\t\t\t\t<\/div>\n\t\t<div class=\"elementor-element elementor-element-4b679da e-con-full elementor-hidden-tablet elementor-hidden-mobile e-flex e-con e-child\" data-id=\"4b679da\" data-element_type=\"container\" data-settings=\"{&quot;background_background&quot;:&quot;classic&quot;,&quot;sticky&quot;:&quot;top&quot;,&quot;sticky_on&quot;:[&quot;desktop&quot;],&quot;sticky_offset&quot;:80,&quot;sticky_parent&quot;:&quot;yes&quot;,&quot;sticky_effects_offset&quot;:0,&quot;sticky_anchor_link_offset&quot;:0}\">\n\t\t\t\t<div class=\"elementor-element elementor-element-95beccd elementor-widget elementor-widget-heading\" data-id=\"95beccd\" data-element_type=\"widget\" data-widget_type=\"heading.default\">\n\t\t\t\t\t<h4 class=\"elementor-heading-title elementor-size-default\">Content of this page\n<\/h4>\t\t\t\t<\/div>\n\t\t\t\t<div class=\"elementor-element elementor-element-5763ed1 elementor-toc--content-ellipsis elementor-widget elementor-widget-table-of-contents\" data-id=\"5763ed1\" data-element_type=\"widget\" data-settings=\"{&quot;headings_by_tags&quot;:[&quot;h2&quot;],&quot;exclude_headings_by_selector&quot;:[],&quot;marker_view&quot;:&quot;bullets&quot;,&quot;icon&quot;:{&quot;value&quot;:&quot;&quot;,&quot;library&quot;:&quot;&quot;},&quot;min_height&quot;:{&quot;unit&quot;:&quot;px&quot;,&quot;size&quot;:200,&quot;sizes&quot;:[]},&quot;no_headings_message&quot;:&quot;No headings were found on this page.&quot;,&quot;min_height_tablet&quot;:{&quot;unit&quot;:&quot;px&quot;,&quot;size&quot;:&quot;&quot;,&quot;sizes&quot;:[]},&quot;min_height_mobile&quot;:{&quot;unit&quot;:&quot;px&quot;,&quot;size&quot;:&quot;&quot;,&quot;sizes&quot;:[]}}\" data-widget_type=\"table-of-contents.default\">\n\t\t\t\t\t\t\t\t\t<div id=\"elementor-toc__5763ed1\" class=\"elementor-toc__body\">\n\t\t\t<div class=\"elementor-toc__spinner-container\">\n\t\t\t\t<i class=\"elementor-toc__spinner eicon-animation-spin eicon-loading\" aria-hidden=\"true\"><\/i>\t\t\t<\/div>\n\t\t<\/div>\n\t\t\t\t\t\t<\/div>\n\t\t\t\t<\/div>\n\t\t<div class=\"elementor-element elementor-element-b40c5ce e-con-full e-flex e-con e-child\" data-id=\"b40c5ce\" data-element_type=\"container\">\n\t\t<div class=\"elementor-element elementor-element-7f2eadd e-con-full e-flex e-con e-child\" data-id=\"7f2eadd\" data-element_type=\"container\">\n\t\t\t\t<div class=\"elementor-element elementor-element-0d432aa elementor-widget elementor-widget-heading\" data-id=\"0d432aa\" data-element_type=\"widget\" data-widget_type=\"heading.default\">\n\t\t\t\t\t<h2 class=\"elementor-heading-title elementor-size-default\">About the file room <\/h2>\t\t\t\t<\/div>\n\t\t\t\t<div class=\"elementor-element elementor-element-f901d91 elementor-widget elementor-widget-text-editor\" data-id=\"f901d91\" data-element_type=\"widget\" data-widget_type=\"text-editor.default\">\n\t\t\t\t\t\t\t\t\t<p><strong>Address for receiving of analog documents and technical portable data carrier:<\/strong><\/p><p>Institute of Physiology CAS, V\u00edde\u0148sk\u00e1 1083, 142&nbsp;20 Prague 4<\/p><p><strong>Office hours<\/strong>: 8:00-11:00, 12:00-15:00<\/p>\t\t\t\t\t\t\t\t<\/div>\n\t\t\t\t<\/div>\n\t\t<div class=\"elementor-element elementor-element-6764d9f e-con-full e-flex e-con e-child\" data-id=\"6764d9f\" data-element_type=\"container\">\n\t\t\t\t<div class=\"elementor-element elementor-element-e77a1f1 elementor-widget elementor-widget-heading\" data-id=\"e77a1f1\" data-element_type=\"widget\" data-widget_type=\"heading.default\">\n\t\t\t\t\t<h2 class=\"elementor-heading-title elementor-size-default\">Important information<\/h2>\t\t\t\t<\/div>\n\t\t<div class=\"elementor-element elementor-element-9ded37b e-con-full e-flex e-con e-child\" data-id=\"9ded37b\" data-element_type=\"container\">\n\t\t\t\t<div class=\"elementor-element elementor-element-7f60188 dual__bold elementor-widget elementor-widget-heading\" data-id=\"7f60188\" data-element_type=\"widget\" data-widget_type=\"heading.default\">\n\t\t\t\t\t<h4 class=\"elementor-heading-title elementor-size-default\">Data formats in which digital documents are accepted including their technical parameters:\n\n<\/h4>\t\t\t\t<\/div>\n\t\t\t\t<div class=\"elementor-element elementor-element-1ab9bdf elementor-widget elementor-widget-text-editor\" data-id=\"1ab9bdf\" data-element_type=\"widget\" data-widget_type=\"text-editor.default\">\n\t\t\t\t\t\t\t\t\t<table><tbody><tr><td><strong>*.TXT<\/strong><\/td><td>simple text<\/td><\/tr><tr><td><strong>*.RTF<\/strong><\/td><td>document in text format RTF<\/td><\/tr><tr><td><strong>*.PDF<\/strong><\/td><td>document in format Adobe Acrobat Reader\u00ae<\/td><\/tr><tr><td><strong>*.DOC<\/strong><\/td><td>document MS Word<\/td><\/tr><tr><td><strong>*.XLS<\/strong><\/td><td>document MS Excel<\/td><\/tr><tr><td><strong>*.XML<\/strong><\/td><td>Extensible Markup Language Document<\/td><\/tr><tr><td><strong>*.PPT<\/strong><\/td><td>MS PowerPoint Presentation<\/td><\/tr><tr><td><strong>*.JPG\/*.JPEG\/*.JFIF<\/strong><\/td><td>Joint Photographic Experts Group File Interchange Format<\/td><\/tr><tr><td><strong>*.GIF<\/strong><\/td><td>Graphics Interchange Format<\/td><\/tr><\/tbody><\/table>\t\t\t\t\t\t\t\t<\/div>\n\t\t\t\t<\/div>\n\t\t<div class=\"elementor-element elementor-element-8bf2fdd e-con-full e-flex e-con e-child\" data-id=\"8bf2fdd\" data-element_type=\"container\">\n\t\t\t\t<div class=\"elementor-element elementor-element-9f3bb41 dual__bold elementor-widget elementor-widget-heading\" data-id=\"9f3bb41\" data-element_type=\"widget\" data-widget_type=\"heading.default\">\n\t\t\t\t\t<h4 class=\"elementor-heading-title elementor-size-default\">The office accepts digital documents:\n<\/h4>\t\t\t\t<\/div>\n\t\t\t\t<div class=\"elementor-element elementor-element-9654030 elementor-widget elementor-widget-text-editor\" data-id=\"9654030\" data-element_type=\"widget\" data-widget_type=\"text-editor.default\">\n\t\t\t\t\t\t\t\t\t<ol><li>via the e-mail address of the electronic filing office: <a href=\"mailto:fgu@fgu.cas.cz\">fgu@fgu.cas.cz<\/a><\/li><li>via a data box (ID y5xnq3f)<\/li><li>in person on a portable data storage device (CD, DVD, USB)<\/li><\/ol>\t\t\t\t\t\t\t\t<\/div>\n\t\t\t\t<\/div>\n\t\t<div class=\"elementor-element elementor-element-e20abd4 e-con-full e-flex e-con e-child\" data-id=\"e20abd4\" data-element_type=\"container\">\n\t\t\t\t<div class=\"elementor-element elementor-element-efce059 dual__bold elementor-widget elementor-widget-heading\" data-id=\"efce059\" data-element_type=\"widget\" data-widget_type=\"heading.default\">\n\t\t\t\t\t<h4 class=\"elementor-heading-title elementor-size-default\">The office does not process electronic documents:<\/h4>\t\t\t\t<\/div>\n\t\t\t\t<div class=\"elementor-element elementor-element-d673d1b elementor-widget elementor-widget-text-editor\" data-id=\"d673d1b\" data-element_type=\"widget\" data-widget_type=\"text-editor.default\">\n\t\t\t\t\t\t\t\t\t<p>Which are not accessible to the filing office and which cannot be fixed in cooperation with the sender.<\/p><p>Inaccessible documents include:<\/p><ul><li>documents containing malicious code<\/li><li>incomplete documents<\/li><li>documents in formats and\/or on storage devices, which the office does not accept<\/li><li>documents which cannot be displayed in a perceivable manner<\/li><\/ul>\t\t\t\t\t\t\t\t<\/div>\n\t\t\t\t<\/div>\n\t\t<div class=\"elementor-element elementor-element-e83f448 e-con-full e-flex e-con e-child\" data-id=\"e83f448\" data-element_type=\"container\">\n\t\t\t\t<div class=\"elementor-element elementor-element-39bafd5 dual__bold elementor-widget elementor-widget-heading\" data-id=\"39bafd5\" data-element_type=\"widget\" data-widget_type=\"heading.default\">\n\t\t\t\t\t<h4 class=\"elementor-heading-title elementor-size-default\">The office does not process analog documents:<\/h4>\t\t\t\t<\/div>\n\t\t\t\t<div class=\"elementor-element elementor-element-1afff99 elementor-widget elementor-widget-text-editor\" data-id=\"1afff99\" data-element_type=\"widget\" data-widget_type=\"text-editor.default\">\n\t\t\t\t\t\t\t\t\t<p>Which aren\u2019t fully comprehensible (e.g. incomplete, illegible or otherwise corrupted) and when the corruption of the document cannot be fixed in cooperation with the sender or when the sender cannot be identified.<\/p>\t\t\t\t\t\t\t\t<\/div>\n\t\t\t\t<div class=\"elementor-element elementor-element-61a0fde elementor-widget elementor-widget-text-editor\" data-id=\"61a0fde\" data-element_type=\"widget\" data-widget_type=\"text-editor.default\">\n\t\t\t\t\t\t\t\t\t<p>Records of accepting documents containing malicious code and notifying the sender are kept.<\/p>\t\t\t\t\t\t\t\t<\/div>\n\t\t\t\t<\/div>\n\t\t\t\t<\/div>\n\t\t\t\t<\/div>\n\t\t\t\t\t<\/div>\n\t\t\t\t<\/div>\n\t\t\t\t<\/div>\n\t\t","protected":false},"excerpt":{"rendered":"<p>Content of this page About the file room Address for receiving of analog documents and technical portable data carrier: Institute of Physiology CAS, V\u00edde\u0148sk\u00e1 1083, 142&nbsp;20 Prague 4 Office hours: 8:00-11:00, 12:00-15:00 Important information Data formats in which digital documents are accepted including their technical parameters: *.TXT simple text *.RTF document in text format RTF [&hellip;]<\/p>\n","protected":false},"author":1,"featured_media":55280,"parent":27083,"menu_order":0,"comment_status":"closed","ping_status":"closed","template":"","meta":{"_acf_changed":false,"inline_featured_image":false,"footnotes":""},"class_list":["post-27323","page","type-page","status-publish","has-post-thumbnail","hentry"],"acf":[],"_links":{"self":[{"href":"https:\/\/fgu.cas.cz\/en\/wp-json\/wp\/v2\/pages\/27323","targetHints":{"allow":["GET"]}}],"collection":[{"href":"https:\/\/fgu.cas.cz\/en\/wp-json\/wp\/v2\/pages"}],"about":[{"href":"https:\/\/fgu.cas.cz\/en\/wp-json\/wp\/v2\/types\/page"}],"author":[{"embeddable":true,"href":"https:\/\/fgu.cas.cz\/en\/wp-json\/wp\/v2\/users\/1"}],"replies":[{"embeddable":true,"href":"https:\/\/fgu.cas.cz\/en\/wp-json\/wp\/v2\/comments?post=27323"}],"version-history":[{"count":0,"href":"https:\/\/fgu.cas.cz\/en\/wp-json\/wp\/v2\/pages\/27323\/revisions"}],"up":[{"embeddable":true,"href":"https:\/\/fgu.cas.cz\/en\/wp-json\/wp\/v2\/pages\/27083"}],"wp:featuredmedia":[{"embeddable":true,"href":"https:\/\/fgu.cas.cz\/en\/wp-json\/wp\/v2\/media\/55280"}],"wp:attachment":[{"href":"https:\/\/fgu.cas.cz\/en\/wp-json\/wp\/v2\/media?parent=27323"}],"curies":[{"name":"wp","href":"https:\/\/api.w.org\/{rel}","templated":true}]}}