{"id":29664,"date":"2024-08-19T15:42:49","date_gmt":"2024-08-19T13:42:49","guid":{"rendered":"https:\/\/fgu.antstudio.dev\/?page_id=29664"},"modified":"2024-09-05T09:09:01","modified_gmt":"2024-09-05T07:09:01","slug":"practical-courses-for-future-biocev-researchers-are-held-at-the-institute-of-physiology-cas","status":"publish","type":"page","link":"https:\/\/fgu.cas.cz\/en\/practical-courses-for-future-biocev-researchers-are-held-at-the-institute-of-physiology-cas\/","title":{"rendered":"Practical courses for future BIOCEV researchers are held at the Institute of physiology CAS"},"content":{"rendered":"\t\t<div data-elementor-type=\"wp-page\" data-elementor-id=\"29664\" class=\"elementor elementor-29664 elementor-24621\" data-elementor-post-type=\"page\">\n\t\t\t\t<div class=\"elementor-element elementor-element-abcee3e e-flex e-con-boxed e-con e-parent\" data-id=\"abcee3e\" data-element_type=\"container\">\n\t\t\t\t\t<div class=\"e-con-inner\">\n\t\t\t\t<div class=\"elementor-element elementor-element-ad4b452 elementor-widget__width-initial elementor-widget elementor-widget-heading\" data-id=\"ad4b452\" data-element_type=\"widget\" data-widget_type=\"heading.default\">\n\t\t\t\t\t<h1 class=\"elementor-heading-title elementor-size-default\">Practical courses for future BIOCEV researchers are held at the Institute of physiology CAS<\/h1>\t\t\t\t<\/div>\n\t\t\t\t\t<\/div>\n\t\t\t\t<\/div>\n\t\t<div class=\"elementor-element elementor-element-ebeba5f e-flex e-con-boxed e-con e-parent\" data-id=\"ebeba5f\" data-element_type=\"container\">\n\t\t\t\t\t<div class=\"e-con-inner\">\n\t\t<div class=\"elementor-element elementor-element-96f0ad8 e-con-full e-flex e-con e-child\" data-id=\"96f0ad8\" data-element_type=\"container\">\n\t\t<div class=\"elementor-element elementor-element-d3725f5 e-con-full e-flex e-con e-child\" data-id=\"d3725f5\" data-element_type=\"container\">\n\t\t\t\t<div class=\"elementor-element elementor-element-6884d85 elementor-widget elementor-widget-text-editor\" data-id=\"6884d85\" data-element_type=\"widget\" data-widget_type=\"text-editor.default\">\n\t\t\t\t\t\t\t\t\t<div><p>Lecture halls and laboratories at the Institute of Physiology were busy recently, as both master and PhD students from outside of Prague attended three scientific courses.<\/p><p>Tyto kurzy Fyziologick\u00fd \u00fastav nab\u00edz\u00ed v&nbsp;r\u00e1mci t\u0159\u00edlet\u00e9ho projektu Centra Biomedic\u00ednsk\u00e9ho V\u00fdzkumu podpo\u0159en\u00e9ho Ministerstvem \u0161kolstv\u00ed, ml\u00e1de\u017ee a t\u011blov\u00fdchovy v&nbsp;r\u00e1mci Opera\u010dn\u00edho programu Vzd\u011bl\u00e1v\u00e1n\u00ed pro konkurenceschopnost (reg. \u010d. projektu CZ.1.07\/2.3.00\/30.0025; http:\/\/www.biomed.cas.cz\/cbv\/). V\u0161echny t\u0159i jednot\u00fddenn\u00ed biomedic\u00ednsk\u00e9 kurzy prob\u011bhly v&nbsp;\u00fastavu b\u011bhem listopadu a byly napln\u011bny p\u0159edn\u00e1\u0161kami, demonstracemi a praktick\u00fdmi cvi\u010den\u00edmi.<\/p><p>V r\u00e1mci kurzu <strong>Funkce a struktura bun\u011b\u010dn\u00fdch membr\u00e1n<\/strong> se \u00fa\u010dastn\u00edci sezn\u00e1mili s&nbsp;nejnov\u011bj\u0161\u00edmi poznatky v&nbsp;oblasti bun\u011b\u010dn\u00e9 membranologie s&nbsp;d\u016frazem na modern\u00ed fluorescen\u010dn\u00ed a zobrazovac\u00ed techniky pro studium biologick\u00fdch proces\u016f, kter\u00fdch se \u00fa\u010dastn\u00ed plasmatick\u00e1 membr\u00e1na bun\u011bk i membr\u00e1ny vnitrobun\u011b\u010dn\u00fdch organel, zejm\u00e9na mitochondri\u00ed.<\/p><\/div><p><img fetchpriority=\"high\" decoding=\"async\" class=\"alignleft size-full wp-image-30828\" src=\"https:\/\/fgu.cas.cz\/wp-content\/uploads\/2024\/09\/cbv-kurz.png\" alt=\"-\" width=\"2182\" height=\"558\" title=\"\" srcset=\"https:\/\/fgu.cas.cz\/wp-content\/uploads\/2024\/09\/cbv-kurz.png 2182w, https:\/\/fgu.cas.cz\/wp-content\/uploads\/2024\/09\/cbv-kurz-300x77.png 300w, https:\/\/fgu.cas.cz\/wp-content\/uploads\/2024\/09\/cbv-kurz-1024x262.png 1024w, https:\/\/fgu.cas.cz\/wp-content\/uploads\/2024\/09\/cbv-kurz-768x196.png 768w, https:\/\/fgu.cas.cz\/wp-content\/uploads\/2024\/09\/cbv-kurz-1536x393.png 1536w, https:\/\/fgu.cas.cz\/wp-content\/uploads\/2024\/09\/cbv-kurz-2048x524.png 2048w\" sizes=\"(max-width: 2182px) 100vw, 2182px\" \/><em>Studenti b\u011bhem kurzu Funkce a struktura bun\u011b\u010dn\u00fdch membr\u00e1n<\/em><\/p><p>Druh\u00fd kurz <strong>Z\u00e1klady receptorov\u00e9 neurofyziologie<\/strong> se t\u00fdkal neurov\u011bd a nejnov\u011bj\u0161\u00edch experiment\u00e1ln\u00edch p\u0159\u00edstup\u016f v&nbsp;oblastech bun\u011b\u010dn\u00e9 a molekul\u00e1rn\u00ed neurofyziologie a neurochemie. \u00da\u010dastn\u00edci si vyzkou\u0161eli \u201ebun\u011b\u010dn\u00fd polibek\u201c \u0161pi\u010dkou mikrometrov\u00e9 sklen\u011bn\u00e9 pipety (ter\u010d\u00edkov\u00fd z\u00e1mek) a sezn\u00e1mili se s&nbsp;chv\u011bj\u00edc\u00edmi se segmenty podjednotek iontov\u00e9ho kan\u00e1lu a pravd\u011bpodobnost\u00ed jeho otev\u0159en\u00ed, zav\u0159en\u00ed a znecitliv\u011bn\u00ed. Velmi je zaujala p\u0159edn\u00e1\u0161ka a diskuze o tom, jak se takov\u00e9to stavy membr\u00e1nov\u00fdch b\u00edlkovin daj\u00ed modelovat a jak je mo\u017en\u00e9 na modelech virtu\u00e1ln\u011b studovat jejich vlastnosti, schopnost v\u00e1zat biologicky aktivn\u00ed l\u00e1tky \u010di t\u0159eba drogy.<\/p><p>T\u0159et\u00ed kurz <strong>Tk\u00e1\u0148ov\u00e9 in\u017een\u00fdrstv\u00ed n\u00e1hrad c\u00e9v a srde\u010dn\u00edch chlopn\u00ed<\/strong> byl v\u011bnov\u00e1n mezioborov\u00e9 discipl\u00edn\u011b &#8211; tk\u00e1\u0148ov\u00e9mu in\u017een\u00fdrstv\u00ed, kter\u00e9 studuje technick\u00e9 a biologick\u00e9 podm\u00ednky pro co nejlep\u0161\u00ed v\u00fdvoj a p\u0159\u00edpravu biologick\u00fdch n\u00e1hrad, je\u017e mohou obnovit, zachovat nebo dokonce zlep\u0161it funkci po\u0161kozen\u00e9 i zdrav\u00e9 tk\u00e1n\u011b \u010di cel\u00e9ho org\u00e1nu. Do t\u00e9to oblasti neodd\u011bliteln\u011b pat\u0159\u00ed um\u011bn\u00ed tk\u00e1\u0148ov\u00fdch kultur, p\u011bstov\u00e1n\u00ed bun\u011bk v&nbsp;drobn\u00fdch Petriho misk\u00e1ch ve vyh\u0159\u00e1t\u00fdch inkub\u00e1torech a sledov\u00e1n\u00ed, jak bu\u0148ky rostou na r\u016fzn\u00fdch podkladech, kdy a pro\u010d vytv\u00e1\u0159ej\u00ed dvou a t\u0159\u00edrozm\u011brn\u00e9 vrstvi\u010dky, nebo kter\u00e9 r\u016fstov\u00e9 podm\u00ednky jsou pro n\u011b nejlep\u0161\u00ed. Mimo ko\u017en\u00ed implant\u00e1ty, kter\u00e9 se u\u017e \u010dasto pou\u017e\u00edvaj\u00ed i v&nbsp;klinick\u00e9 praxi, se v\u00fdzkum ve Fyziologick\u00e9m \u00fastavu zam\u011b\u0159uje zejm\u00e9na na obnovu a r\u016fst bun\u011bk c\u00e9vn\u00edch st\u011bn, je\u017e trp\u00ed ateroskler\u00f3zou, nebo \u201eopravu\u201c tk\u00e1n\u00ed srdc\u00ed, posti\u017een\u00fdch vrozen\u00fdmi vadami, nedostate\u010dnost\u00ed chlopn\u00ed, infarktem nebo poruchami elektrick\u00e9 dr\u00e1\u017edivosti (nebezpe\u010dn\u00e9 arytmie).<\/p><p>V r\u00e1mci projektu se partnersk\u00fdmi institucemi Fyziologick\u00e9ho \u00fastavu staly Univerzita Jana Evangelisty Purkyn\u011b z&nbsp;\u00dast\u00ed nad Labem, Jiho\u010desk\u00e1 univerzita a Technick\u00e1 univerzita z&nbsp;Liberce. Kurzy veden\u00e9 experty z&nbsp;Fyziologick\u00e9ho \u00fastavu AV \u010cR poskytuj\u00ed student\u016fm t\u011bchto i v\u0161ech ostatn\u00edch mimopra\u017esk\u00fdch univerzit specializovan\u00e9 vzd\u011bl\u00e1n\u00ed a mohou tak usnadnit jejich p\u0159\u00edpadn\u00e9 za\u010dlen\u011bn\u00ed do v&nbsp;sou\u010dasn\u00e9 dob\u011b ji\u017e vznikaj\u00edc\u00edch t\u00fdm\u016f v&nbsp;r\u00e1mci nov\u011b realizovan\u00e9ho Evropsk\u00e9ho centra excelence BIOCEV (Biotechnologick\u00e9 a biomedic\u00ednsk\u00e9 centrum Akademie v\u011bd a Univerzity Karlovy) podporovan\u00e9ho v&nbsp;r\u00e1mci Opera\u010dn\u00edho programu V\u00fdzkum a v\u00fdvoj pro inovace. P\u0159edchoz\u00ed i v\u0161echny t\u0159i leto\u0161n\u00ed podzimn\u00ed kurzy v&nbsp;r\u00e1mci projektu byly zcela obsazeny. Jeliko\u017e do kv\u011btna 2015 kurzy prob\u011bhnou je\u0161t\u011b t\u0159ikr\u00e1t, tak i dal\u0161\u00edm nad\u0161enc\u016fm biomedic\u00ednsk\u00e9 v\u011bdy sta\u010d\u00ed se jen v\u010das p\u0159ihl\u00e1sit. V\u00edce se o kurzech dozv\u00edte a mo\u017enost p\u0159ihl\u00e1sit se naleznete na adrese: http:\/\/www.biomed.cas.cz\/cbv\/index.html<\/p>\t\t\t\t\t\t\t\t<\/div>\n\t\t\t\t<\/div>\n\t\t\t\t<\/div>\n\t\t\t\t\t<\/div>\n\t\t\t\t<\/div>\n\t\t\t\t<\/div>\n\t\t","protected":false},"excerpt":{"rendered":"<p>Lecture halls and laboratories at the Institute of Physiology were busy recently, as both master and PhD students from outside of Prague attended three scientific courses. Tyto kurzy Fyziologick\u00fd \u00fastav nab\u00edz\u00ed v&nbsp;r\u00e1mci t\u0159\u00edlet\u00e9ho projektu Centra Biomedic\u00ednsk\u00e9ho V\u00fdzkumu podpo\u0159en\u00e9ho Ministerstvem \u0161kolstv\u00ed, ml\u00e1de\u017ee a t\u011blov\u00fdchovy v&nbsp;r\u00e1mci Opera\u010dn\u00edho programu Vzd\u011bl\u00e1v\u00e1n\u00ed pro konkurenceschopnost (reg. \u010d. projektu CZ.1.07\/2.3.00\/30.0025; http:\/\/www.biomed.cas.cz\/cbv\/). V\u0161echny [&hellip;]<\/p>\n","protected":false},"author":1,"featured_media":55280,"parent":0,"menu_order":0,"comment_status":"closed","ping_status":"closed","template":"","meta":{"_acf_changed":false,"inline_featured_image":false,"footnotes":""},"class_list":["post-29664","page","type-page","status-publish","has-post-thumbnail","hentry"],"acf":[],"_links":{"self":[{"href":"https:\/\/fgu.cas.cz\/en\/wp-json\/wp\/v2\/pages\/29664","targetHints":{"allow":["GET"]}}],"collection":[{"href":"https:\/\/fgu.cas.cz\/en\/wp-json\/wp\/v2\/pages"}],"about":[{"href":"https:\/\/fgu.cas.cz\/en\/wp-json\/wp\/v2\/types\/page"}],"author":[{"embeddable":true,"href":"https:\/\/fgu.cas.cz\/en\/wp-json\/wp\/v2\/users\/1"}],"replies":[{"embeddable":true,"href":"https:\/\/fgu.cas.cz\/en\/wp-json\/wp\/v2\/comments?post=29664"}],"version-history":[{"count":0,"href":"https:\/\/fgu.cas.cz\/en\/wp-json\/wp\/v2\/pages\/29664\/revisions"}],"wp:featuredmedia":[{"embeddable":true,"href":"https:\/\/fgu.cas.cz\/en\/wp-json\/wp\/v2\/media\/55280"}],"wp:attachment":[{"href":"https:\/\/fgu.cas.cz\/en\/wp-json\/wp\/v2\/media?parent=29664"}],"curies":[{"name":"wp","href":"https:\/\/api.w.org\/{rel}","templated":true}]}}