{"id":29953,"date":"2024-08-31T22:04:34","date_gmt":"2024-08-31T20:04:34","guid":{"rendered":"https:\/\/fgu.antstudio.dev\/prohlaseni-o-pristupnosti\/"},"modified":"2024-08-31T22:28:10","modified_gmt":"2024-08-31T20:28:10","slug":"accessibility-statement","status":"publish","type":"page","link":"https:\/\/fgu.cas.cz\/en\/accessibility-statement\/","title":{"rendered":"Accessibility statement"},"content":{"rendered":"\t\t<div data-elementor-type=\"wp-page\" data-elementor-id=\"29953\" class=\"elementor elementor-29953 elementor-29938\" data-elementor-post-type=\"page\">\n\t\t\t\t<div class=\"elementor-element elementor-element-3758600 e-flex e-con-boxed e-con e-child\" data-id=\"3758600\" data-element_type=\"container\" data-settings=\"{&quot;background_background&quot;:&quot;classic&quot;}\">\n\t\t\t\t\t<div class=\"e-con-inner\">\n\t\t\t\t<div class=\"elementor-element elementor-element-4e6c803 elementor-widget elementor-widget-heading\" data-id=\"4e6c803\" data-element_type=\"widget\" data-widget_type=\"heading.default\">\n\t\t\t\t\t<h1 class=\"elementor-heading-title elementor-size-default\">Accessibility statement<\/h1>\t\t\t\t<\/div>\n\t\t<div class=\"elementor-element elementor-element-64faeee e-con-full e-flex e-con e-child\" data-id=\"64faeee\" data-element_type=\"container\">\n\t\t\t\t<div class=\"elementor-element elementor-element-a89e15f elementor-widget elementor-widget-text-editor\" data-id=\"a89e15f\" data-element_type=\"widget\" data-widget_type=\"text-editor.default\">\n\t\t\t\t\t\t\t\t\t<p>Fyziologick\u00fd \u00fastav Akademie v\u011bd \u010cesk\u00e9 republiky se zavazuje k&nbsp;zp\u0159\u00edstupn\u011bn\u00ed sv\u00e9 webov\u00e9 str\u00e1nky v&nbsp;souladu se z\u00e1konem \u010d. 99\/2019 Sb., o p\u0159\u00edstupnosti internetov\u00fdch str\u00e1nek a mobiln\u00edch aplikac\u00ed a o zm\u011bn\u011b z\u00e1kona \u010d. 365\/2000 Sb., o informa\u010dn\u00edch syst\u00e9mech ve\u0159ejn\u00e9 spr\u00e1vy a o zm\u011bn\u011b n\u011bkter\u00fdch dal\u0161\u00edch z\u00e1kon\u016f, ve zn\u011bn\u00ed pozd\u011bj\u0161\u00edch p\u0159edpis\u016f, kter\u00fd prov\u00e1d\u00ed Sm\u011brnici Evropsk\u00e9ho parlamentu a Rady (EU) 2016\/2102 ze dne 26.&nbsp;\u0159\u00edjna 2016 o p\u0159\u00edstupnosti webov\u00fdch str\u00e1nek a mobiln\u00edch aplikac\u00ed.<\/p><p>Toto prohl\u00e1\u0161en\u00ed o p\u0159\u00edstupnosti se vztahuje na webov\u00e9 str\u00e1nky www.fgu.cas.cz<\/p><h3>Stav souladu<\/h3><p>Tento web \u010d\u00e1ste\u010dn\u011b spl\u0148uje technickou normu <a href=\"https:\/\/digital-strategy.ec.europa.eu\/cs\/policies\/web-accessibility-directive-standards-and-harmonisation\" target=\"_blank\" rel=\"noopener\">EN 301&nbsp;549 V3.2.1<\/a> a dodr\u017euje pravidla p\u0159\u00edstupnosti <a href=\"https:\/\/www.w3.org\/TR\/WCAG22\/\" target=\"_blank\" rel=\"noopener\">WCAG (Web Content Accessibility Guidelines) 2.2<\/a> na \u00farovni AA. C\u00edlem t\u011bchto standard\u016f a pravidel je zajistit, aby internetov\u00e9 str\u00e1nky byly pro u\u017eivatele vn\u00edmateln\u00e9, ovladateln\u00e9, srozumiteln\u00e9 a stabiln\u00ed.<\/p><h3>Nep\u0159\u00edstupn\u00fd obsah<\/h3><p>N\u00ed\u017ee uveden\u00fd obsah nen\u00ed p\u0159\u00edstupn\u00fd z&nbsp;d\u016fvodu nep\u0159im\u011b\u0159en\u00e9 z\u00e1t\u011b\u017ee:<\/p><h5>N\u011bkter\u00e9 informace na tomto webu jsou dostupn\u00e9 ve form\u00e1tu PDF \u010di jin\u00fdch form\u00e1tech.<\/h5><ul><li>Na webov\u00e9 str\u00e1nce se mohou v\u00fdjime\u010dn\u00e9 objevit p\u0159\u00edlohy jako jsou textov\u00e9 dokumenty, tabulky, prezentace a PDF soubory, kter\u00e1 nemus\u00ed b\u00fdt zcela p\u0159\u00edstupn\u00e9.<\/li><li>Ve\u0161ker\u00e9 podstatn\u00e9 dokumentace jako jsou nap\u0159. obchodn\u00ed podm\u00ednky, informace k&nbsp;z\u00e1ruce a reklamaci, prohl\u00e1\u0161en\u00ed o ochran\u011b osobn\u00edch \u00fadaj\u016f, z\u00e1sady cookies aj. na webov\u00fdch str\u00e1nk\u00e1ch dostupn\u00e9 v\u017edy v&nbsp;textov\u00e9 podob\u011b.<\/li><\/ul><h5>N\u011bkter\u00e9 obr\u00e1zky nemaj\u00ed zcela spr\u00e1vn\u00fd alternativn\u00ed popisek.<\/h5><ul><li>Ur\u010dit\u00e9 obr\u00e1zky na webu mohou m\u00edt automaticky vygenerovan\u00e9 alternativn\u00ed popisky obr\u00e1zk\u016f s&nbsp;vyu\u017eit\u00edm n\u00e1zvu str\u00e1nky, na kter\u00e9 se obr\u00e1zek nach\u00e1z\u00ed a p\u016fvodn\u00edho n\u00e1zvu obr\u00e1zku.<\/li><li>Vlastn\u00edk webu vynalo\u017e\u00ed p\u0159im\u011b\u0159en\u00e9 \u00fasil\u00ed k&nbsp;tomu, aby d\u016fle\u017eit\u00e9 obr\u00e1zky m\u011bly adekv\u00e1tn\u00ed a ru\u010dn\u011b tvo\u0159en\u00fd popisek vystihuj\u00edc\u00ed podstatu dan\u00e9ho obr\u00e1zku.<\/li><\/ul><h3>Vypracov\u00e1n\u00ed tohoto prohl\u00e1\u0161en\u00ed o p\u0159\u00edstupnosti<\/h3><p>Toto prohl\u00e1\u0161en\u00ed bylo vypracov\u00e1no dne [4.9.2024] a n\u00e1sledn\u011b revidov\u00e1no t\u00e9ho\u017e dne. Vypracov\u00e1n\u00ed prob\u011bhlo v&nbsp;souladu s&nbsp;metodick\u00fdm pokynem Ministerstva vnitra \u010cesk\u00e9 republiky k&nbsp;p\u0159\u00edslu\u0161n\u00e9mu z\u00e1konu. <\/p><h3>Zp\u011btn\u00e1 vazba a kontaktn\u00ed \u00fadaje<\/h3><p>Va\u0161e n\u00e1m\u011bty, post\u0159ehy \u010di informace o probl\u00e9mech, na kter\u00e9 naraz\u00edte p\u0159i pou\u017e\u00edv\u00e1n\u00ed tohoto webu, m\u016f\u017eete poslat na adresu fgu@fgu.cas.cz <\/p><p><strong>Fyziologick\u00fd \u00fastav AV \u010cR, v. v. i. <\/strong><br \/>V\u00edde\u0148sk\u00e1 1083<br \/>142&nbsp;00 Praha 4<br \/>fgu@fgu.cas.cz<\/p><h5>Kontakt na dodavatele technick\u00e9ho \u0159e\u0161en\u00ed<\/h5><p><strong>ANT studio s.r.o.<\/strong><br \/>Slovansk\u00e1 alej 2182\/30<br \/>326&nbsp;00 Plze\u0148<br \/>e-mail: info@antstudio.cz<\/p><h3>Postupy pro prosazov\u00e1n\u00ed pr\u00e1va<\/h3><p>Pokud nebudou va\u0161e podn\u011bty uspokojiv\u011b vy\u0159e\u0161eny pomoc\u00ed kontakt\u016f v\u00fd\u0161e, m\u016f\u017eete se obr\u00e1tit na n\u00e1sleduj\u00edc\u00ed kontakty:<\/p><h5>Kontaktn\u00ed \u00fadaje p\u0159\u00edslu\u0161n\u00e9ho org\u00e1nu pro prosazov\u00e1n\u00ed pr\u00e1va<\/h5><p><strong>Ministerstvo vnitra<\/strong><br \/>odbor eGovernmentu<br \/>n\u00e1m\u011bst\u00ed Hrdin\u016f 1634\/3<br \/>140&nbsp;21 Praha 4<br \/>e-mail: pristupnost@mvcr.cz<\/p>\t\t\t\t\t\t\t\t<\/div>\n\t\t\t\t<\/div>\n\t\t\t\t\t<\/div>\n\t\t\t\t<\/div>\n\t\t\t\t<\/div>\n\t\t","protected":false},"excerpt":{"rendered":"<p>Fyziologick\u00fd \u00fastav Akademie v\u011bd \u010cesk\u00e9 republiky se zavazuje k&nbsp;zp\u0159\u00edstupn\u011bn\u00ed sv\u00e9 webov\u00e9 str\u00e1nky v&nbsp;souladu se z\u00e1konem \u010d. 99\/2019 Sb., o p\u0159\u00edstupnosti internetov\u00fdch str\u00e1nek a mobiln\u00edch aplikac\u00ed a o zm\u011bn\u011b z\u00e1kona \u010d. 365\/2000 Sb., o informa\u010dn\u00edch syst\u00e9mech ve\u0159ejn\u00e9 spr\u00e1vy a o zm\u011bn\u011b n\u011bkter\u00fdch dal\u0161\u00edch z\u00e1kon\u016f, ve zn\u011bn\u00ed pozd\u011bj\u0161\u00edch p\u0159edpis\u016f, kter\u00fd prov\u00e1d\u00ed Sm\u011brnici Evropsk\u00e9ho parlamentu a Rady (EU) [&hellip;]<\/p>\n","protected":false},"author":1,"featured_media":55280,"parent":0,"menu_order":0,"comment_status":"closed","ping_status":"closed","template":"","meta":{"_acf_changed":false,"inline_featured_image":false,"footnotes":""},"class_list":["post-29953","page","type-page","status-publish","has-post-thumbnail","hentry"],"acf":[],"_links":{"self":[{"href":"https:\/\/fgu.cas.cz\/en\/wp-json\/wp\/v2\/pages\/29953","targetHints":{"allow":["GET"]}}],"collection":[{"href":"https:\/\/fgu.cas.cz\/en\/wp-json\/wp\/v2\/pages"}],"about":[{"href":"https:\/\/fgu.cas.cz\/en\/wp-json\/wp\/v2\/types\/page"}],"author":[{"embeddable":true,"href":"https:\/\/fgu.cas.cz\/en\/wp-json\/wp\/v2\/users\/1"}],"replies":[{"embeddable":true,"href":"https:\/\/fgu.cas.cz\/en\/wp-json\/wp\/v2\/comments?post=29953"}],"version-history":[{"count":0,"href":"https:\/\/fgu.cas.cz\/en\/wp-json\/wp\/v2\/pages\/29953\/revisions"}],"wp:featuredmedia":[{"embeddable":true,"href":"https:\/\/fgu.cas.cz\/en\/wp-json\/wp\/v2\/media\/55280"}],"wp:attachment":[{"href":"https:\/\/fgu.cas.cz\/en\/wp-json\/wp\/v2\/media?parent=29953"}],"curies":[{"name":"wp","href":"https:\/\/api.w.org\/{rel}","templated":true}]}}